{"id":31,"date":"2016-11-04T02:20:23","date_gmt":"2016-11-04T01:20:23","guid":{"rendered":"http:\/\/inmobiliariaibiza.ajaxbit.com\/?page_id=31"},"modified":"2019-01-07T18:13:42","modified_gmt":"2019-01-07T17:13:42","slug":"contacto","status":"publish","type":"page","link":"https:\/\/www.rominaibizavillas.com\/it\/contacto\/","title":{"rendered":"Contacto"},"content":{"rendered":"<div class=\"frm_forms  with_frm_style frm_style_formidable-style\" id=\"frm_form_10_container\" >\n<form enctype=\"multipart\/form-data\" method=\"post\" class=\"frm-show-form  frm_pro_form \" id=\"form_contact23\" >\n<div class=\"frm_form_fields \">\n<fieldset>\n<legend class=\"frm_hidden\">Contact Us IT<\/legend>\r\n\r\n<div class=\"frm_fields_container\">\n<input type=\"hidden\" name=\"frm_action\" value=\"create\" \/>\n<input type=\"hidden\" name=\"form_id\" value=\"10\" \/>\n<input type=\"hidden\" name=\"frm_hide_fields_10\" id=\"frm_hide_fields_10\" value=\"\" \/>\n<input type=\"hidden\" name=\"form_key\" value=\"contact23\" \/>\n<input type=\"hidden\" name=\"item_meta[0]\" value=\"\" \/>\n<input type=\"hidden\" id=\"frm_submit_entry_10\" name=\"frm_submit_entry_10\" value=\"8a720e9fa0\" \/><input type=\"hidden\" name=\"_wp_http_referer\" value=\"\/it\/wp-json\/wp\/v2\/pages\/31\" \/><div id=\"frm_field_84_container\" class=\"frm_form_field form-field  frm_required_field frm_top_container frm_first frm_half\">\r\n    <label for=\"field_qh4icy5\" class=\"frm_primary_label\">Nome\r\n        <span class=\"frm_required\">*<\/span>\r\n    <\/label>\r\n    <input  type=\"text\" id=\"field_qh4icy5\" name=\"item_meta[84]\" value=\"\"  data-reqmsg=\"Nome cannot be blank.\" aria-required=\"true\" data-invmsg=\"Nome non \u00e8 valido\" aria-invalid=\"false\"   \/>\r\n    \r\n    \r\n<\/div>\n<div id=\"frm_field_85_container\" class=\"frm_form_field form-field  frm_required_field frm_top_container frm_full\">\r\n    <label for=\"field_29yf4d5\" class=\"frm_primary_label\">Email\r\n        <span class=\"frm_required\">*<\/span>\r\n    <\/label>\r\n    <input type=\"email\" id=\"field_29yf4d5\" name=\"item_meta[85]\" value=\"\"  data-reqmsg=\"Email cannot be blank.\" aria-required=\"true\" data-invmsg=\"Please enter a valid email address\" aria-invalid=\"false\"  \/>\r\n    \r\n    \r\n<\/div>\n<div id=\"frm_field_86_container\" class=\"frm_form_field form-field  frm_top_container\">\r\n    <label for=\"field_a8m9p3\" class=\"frm_primary_label\">Telefono\r\n        <span class=\"frm_required\"><\/span>\r\n    <\/label>\r\n    <input  type=\"text\" id=\"field_a8m9p3\" name=\"item_meta[86]\" value=\"\"  data-invmsg=\"Telefono non \u00e8 valido\" aria-invalid=\"false\"   \/>\r\n    \r\n    \r\n<\/div>\n<div id=\"frm_field_87_container\" class=\"frm_form_field form-field  frm_required_field frm_top_container frm_full\">\r\n    <label for=\"field_9jv0r15\" class=\"frm_primary_label\">Messaggio\r\n        <span class=\"frm_required\">*<\/span>\r\n    <\/label>\r\n    <textarea name=\"item_meta[87]\" id=\"field_9jv0r15\" rows=\"5\"  data-reqmsg=\"Messaggio cannot be blank.\" aria-required=\"true\" data-invmsg=\"Messaggio non \u00e8 valido\" aria-invalid=\"false\"  ><\/textarea>\r\n    \r\n    \r\n<\/div>\n<div id=\"frm_field_88_container\" class=\"frm_form_field form-field  frm_none_container\">\r\n    <label for=\"g-recaptcha-response\" class=\"frm_primary_label\">Captcha\r\n        <span class=\"frm_required\"><\/span>\r\n    <\/label>\r\n    <div  id=\"field_62n6q35\" class=\"g-recaptcha\" data-sitekey=\"6LcL4ioUAAAAAMxJrNcC4EJmXQQn1qRHhnSjJP6G\" data-size=\"normal\" data-theme=\"light\"><\/div>\r\n    \r\n    \r\n<\/div>\n\t<input type=\"hidden\" name=\"item_key\" value=\"\" \/>\n\t\t\t<div id=\"frm_field_129_container\">\n\t\t\t<label for=\"field_gaolf\" >\n\t\t\t\tSe sei un essere umano, lascia questo campo vuoto.\t\t\t<\/label>\n\t\t\t<input  id=\"field_gaolf\" type=\"text\" class=\"frm_form_field form-field frm_verify\" name=\"item_meta[129]\" value=\"\"  \/>\n\t\t<\/div>\n\t\t<input name=\"frm_state\" type=\"hidden\" value=\"NW6jBw0XJuECVBcpDYmaxS\/YKRqJCL92\/HbDQwyZMiesUr5MDXsbe5KH1f+s92sR\" \/><div class=\"frm_submit\">\r\n\r\n<button class=\"frm_button_submit frm_final_submit\" type=\"submit\"   formnovalidate=\"formnovalidate\">Inviare<\/button>\r\n\r\n<\/div><\/div>\n<\/fieldset>\n<\/div>\n\n<\/form>\n<\/div>\n\n","protected":false},"excerpt":{"rendered":"","protected":false},"author":12,"featured_media":21850,"parent":0,"menu_order":10,"comment_status":"closed","ping_status":"closed","template":"template-contact.php","meta":{"footnotes":""},"class_list":["post-31","page","type-page","status-publish","has-post-thumbnail","hentry"],"acf":[],"yoast_head":"<!-- This site is optimized with the Yoast SEO Premium plugin v20.7 (Yoast SEO v26.6) - https:\/\/yoast.com\/wordpress\/plugins\/seo\/ -->\n<title>Villas vous aide \u00e0 r\u00e9aliser vos r\u00eaves Romina immobilier ibiza<\/title>\n<meta name=\"description\" content=\"Cont\u00e1ctenos. Si tiene consultas comerciales u otras preguntas, por favor completa el siguiente formulario para contactar con nosotros. Gracias.\" \/>\n<meta name=\"robots\" content=\"index, follow, max-snippet:-1, max-image-preview:large, max-video-preview:-1\" \/>\n<link rel=\"canonical\" href=\"https:\/\/www.rominaibizavillas.com\/it\/wp-json\/wp\/v2\/pages\/31\" \/>\n<meta property=\"og:locale\" content=\"it_IT\" \/>\n<meta property=\"og:type\" content=\"article\" \/>\n<meta property=\"og:title\" content=\"\u00a1Hablamos! Cont\u00e1ctenos aqu\u00ed directamente - Romina Ibiza Villas\" \/>\n<meta property=\"og:description\" content=\"Cont\u00e1ctenos. Si tiene consultas comerciales u otras preguntas, por favor completa el siguiente formulario para contactar con nosotros. Gracias.\" \/>\n<meta property=\"og:url\" content=\"https:\/\/www.rominaibizavillas.com\/it\/wp-json\/wp\/v2\/pages\/31\" \/>\n<meta property=\"og:site_name\" content=\"Villas vous aide \u00e0 r\u00e9aliser vos r\u00eaves Romina immobilier ibiza\" \/>\n<meta property=\"article:publisher\" content=\"https:\/\/www.facebook.com\/rominaibizavillas\" \/>\n<meta property=\"article:modified_time\" content=\"2019-01-07T17:13:42+00:00\" \/>\n<meta property=\"og:image\" content=\"https:\/\/www.rominaibizavillas.com\/wp-content\/uploads\/2016\/11\/Fotos-ROMINA-IBIZA-VILLAS-005.jpg\" \/>\n\t<meta property=\"og:image:width\" content=\"1980\" \/>\n\t<meta property=\"og:image:height\" content=\"750\" \/>\n\t<meta property=\"og:image:type\" content=\"image\/jpeg\" \/>\n<meta name=\"twitter:card\" content=\"summary_large_image\" \/>\n<meta name=\"twitter:title\" content=\"Contacto\" \/>\n<script type=\"application\/ld+json\" class=\"yoast-schema-graph\">{\"@context\":\"https:\/\/schema.org\",\"@graph\":[{\"@type\":\"WebPage\",\"@id\":\"https:\/\/www.rominaibizavillas.com\/fr\/contact\/\",\"url\":\"https:\/\/www.rominaibizavillas.com\/it\/wp-json\/wp\/v2\/pages\/31\",\"name\":\"\u00a1Hablamos! Cont\u00e1ctenos aqu\u00ed directamente - Romina Ibiza Villas\",\"isPartOf\":{\"@id\":\"https:\/\/www.rominaibizavillas.com\/fr\/#website\"},\"primaryImageOfPage\":{\"@id\":\"https:\/\/www.rominaibizavillas.com\/it\/wp-json\/wp\/v2\/pages\/31#primaryimage\"},\"image\":{\"@id\":\"https:\/\/www.rominaibizavillas.com\/it\/wp-json\/wp\/v2\/pages\/31#primaryimage\"},\"thumbnailUrl\":\"https:\/\/www.rominaibizavillas.com\/wp-content\/uploads\/2016\/11\/Fotos-ROMINA-IBIZA-VILLAS-005.jpg\",\"datePublished\":\"2016-11-04T01:20:23+00:00\",\"dateModified\":\"2019-01-07T17:13:42+00:00\",\"description\":\"Cont\u00e1ctenos. Si tiene consultas comerciales u otras preguntas, por favor completa el siguiente formulario para contactar con nosotros. Gracias.\",\"breadcrumb\":{\"@id\":\"https:\/\/www.rominaibizavillas.com\/it\/wp-json\/wp\/v2\/pages\/31#breadcrumb\"},\"inLanguage\":\"it-IT\",\"potentialAction\":[{\"@type\":\"ReadAction\",\"target\":[\"https:\/\/www.rominaibizavillas.com\/it\/wp-json\/wp\/v2\/pages\/31\"]}]},{\"@type\":\"ImageObject\",\"inLanguage\":\"it-IT\",\"@id\":\"https:\/\/www.rominaibizavillas.com\/it\/wp-json\/wp\/v2\/pages\/31#primaryimage\",\"url\":\"https:\/\/www.rominaibizavillas.com\/wp-content\/uploads\/2016\/11\/Fotos-ROMINA-IBIZA-VILLAS-005.jpg\",\"contentUrl\":\"https:\/\/www.rominaibizavillas.com\/wp-content\/uploads\/2016\/11\/Fotos-ROMINA-IBIZA-VILLAS-005.jpg\",\"width\":1980,\"height\":750},{\"@type\":\"BreadcrumbList\",\"@id\":\"https:\/\/www.rominaibizavillas.com\/it\/wp-json\/wp\/v2\/pages\/31#breadcrumb\",\"itemListElement\":[{\"@type\":\"ListItem\",\"position\":1,\"name\":\"Accueil\",\"item\":\"https:\/\/www.rominaibizavillas.com\/\"},{\"@type\":\"ListItem\",\"position\":2,\"name\":\"Contact\"}]},{\"@type\":\"WebSite\",\"@id\":\"https:\/\/www.rominaibizavillas.com\/fr\/#website\",\"url\":\"https:\/\/www.rominaibizavillas.com\/fr\/\",\"name\":\"Villas vous aide \u00e0 r\u00e9aliser vos r\u00eaves Romina immobilier ibiza\",\"description\":\"\",\"publisher\":{\"@id\":\"https:\/\/www.rominaibizavillas.com\/fr\/#organization\"},\"potentialAction\":[{\"@type\":\"SearchAction\",\"target\":{\"@type\":\"EntryPoint\",\"urlTemplate\":\"https:\/\/www.rominaibizavillas.com\/fr\/?s={search_term_string}\"},\"query-input\":{\"@type\":\"PropertyValueSpecification\",\"valueRequired\":true,\"valueName\":\"search_term_string\"}}],\"inLanguage\":\"it-IT\"},{\"@type\":\"Organization\",\"@id\":\"https:\/\/www.rominaibizavillas.com\/fr\/#organization\",\"name\":\"Villas vous aide \u00e0 r\u00e9aliser vos r\u00eaves Romina immobilier ibiza\",\"url\":\"https:\/\/www.rominaibizavillas.com\/fr\/\",\"logo\":{\"@type\":\"ImageObject\",\"inLanguage\":\"it-IT\",\"@id\":\"https:\/\/www.rominaibizavillas.com\/fr\/#\/schema\/logo\/image\/\",\"url\":\"https:\/\/www.rominaibizavillas.com\/wp-content\/uploads\/2022\/11\/LOGO-RIV-co-1.png?v=1667560398\",\"contentUrl\":\"https:\/\/www.rominaibizavillas.com\/wp-content\/uploads\/2022\/11\/LOGO-RIV-co-1.png?v=1667560398\",\"width\":250,\"height\":250,\"caption\":\"Villas vous aide \u00e0 r\u00e9aliser vos r\u00eaves Romina immobilier ibiza\"},\"image\":{\"@id\":\"https:\/\/www.rominaibizavillas.com\/fr\/#\/schema\/logo\/image\/\"},\"sameAs\":[\"https:\/\/www.facebook.com\/rominaibizavillas\",\"https:\/\/www.instagram.com\/rominaibizavillas\/\",\"https:\/\/www.linkedin.com\/company\/romina-ibiza-villas-andco\/\"]}]}<\/script>\n<!-- \/ Yoast SEO Premium plugin. -->","yoast_head_json":{"title":"Villas vous aide \u00e0 r\u00e9aliser vos r\u00eaves Romina immobilier ibiza","description":"Cont\u00e1ctenos. Si tiene consultas comerciales u otras preguntas, por favor completa el siguiente formulario para contactar con nosotros. Gracias.","robots":{"index":"index","follow":"follow","max-snippet":"max-snippet:-1","max-image-preview":"max-image-preview:large","max-video-preview":"max-video-preview:-1"},"canonical":"https:\/\/www.rominaibizavillas.com\/it\/wp-json\/wp\/v2\/pages\/31","og_locale":"it_IT","og_type":"article","og_title":"\u00a1Hablamos! Cont\u00e1ctenos aqu\u00ed directamente - Romina Ibiza Villas","og_description":"Cont\u00e1ctenos. Si tiene consultas comerciales u otras preguntas, por favor completa el siguiente formulario para contactar con nosotros. Gracias.","og_url":"https:\/\/www.rominaibizavillas.com\/it\/wp-json\/wp\/v2\/pages\/31","og_site_name":"Villas vous aide \u00e0 r\u00e9aliser vos r\u00eaves Romina immobilier ibiza","article_publisher":"https:\/\/www.facebook.com\/rominaibizavillas","article_modified_time":"2019-01-07T17:13:42+00:00","og_image":[{"width":1980,"height":750,"url":"https:\/\/www.rominaibizavillas.com\/wp-content\/uploads\/2016\/11\/Fotos-ROMINA-IBIZA-VILLAS-005.jpg","type":"image\/jpeg"}],"twitter_card":"summary_large_image","twitter_title":"Contacto","schema":{"@context":"https:\/\/schema.org","@graph":[{"@type":"WebPage","@id":"https:\/\/www.rominaibizavillas.com\/fr\/contact\/","url":"https:\/\/www.rominaibizavillas.com\/it\/wp-json\/wp\/v2\/pages\/31","name":"\u00a1Hablamos! Cont\u00e1ctenos aqu\u00ed directamente - Romina Ibiza Villas","isPartOf":{"@id":"https:\/\/www.rominaibizavillas.com\/fr\/#website"},"primaryImageOfPage":{"@id":"https:\/\/www.rominaibizavillas.com\/it\/wp-json\/wp\/v2\/pages\/31#primaryimage"},"image":{"@id":"https:\/\/www.rominaibizavillas.com\/it\/wp-json\/wp\/v2\/pages\/31#primaryimage"},"thumbnailUrl":"https:\/\/www.rominaibizavillas.com\/wp-content\/uploads\/2016\/11\/Fotos-ROMINA-IBIZA-VILLAS-005.jpg","datePublished":"2016-11-04T01:20:23+00:00","dateModified":"2019-01-07T17:13:42+00:00","description":"Cont\u00e1ctenos. Si tiene consultas comerciales u otras preguntas, por favor completa el siguiente formulario para contactar con nosotros. Gracias.","breadcrumb":{"@id":"https:\/\/www.rominaibizavillas.com\/it\/wp-json\/wp\/v2\/pages\/31#breadcrumb"},"inLanguage":"it-IT","potentialAction":[{"@type":"ReadAction","target":["https:\/\/www.rominaibizavillas.com\/it\/wp-json\/wp\/v2\/pages\/31"]}]},{"@type":"ImageObject","inLanguage":"it-IT","@id":"https:\/\/www.rominaibizavillas.com\/it\/wp-json\/wp\/v2\/pages\/31#primaryimage","url":"https:\/\/www.rominaibizavillas.com\/wp-content\/uploads\/2016\/11\/Fotos-ROMINA-IBIZA-VILLAS-005.jpg","contentUrl":"https:\/\/www.rominaibizavillas.com\/wp-content\/uploads\/2016\/11\/Fotos-ROMINA-IBIZA-VILLAS-005.jpg","width":1980,"height":750},{"@type":"BreadcrumbList","@id":"https:\/\/www.rominaibizavillas.com\/it\/wp-json\/wp\/v2\/pages\/31#breadcrumb","itemListElement":[{"@type":"ListItem","position":1,"name":"Accueil","item":"https:\/\/www.rominaibizavillas.com\/"},{"@type":"ListItem","position":2,"name":"Contact"}]},{"@type":"WebSite","@id":"https:\/\/www.rominaibizavillas.com\/fr\/#website","url":"https:\/\/www.rominaibizavillas.com\/fr\/","name":"Villas vous aide \u00e0 r\u00e9aliser vos r\u00eaves Romina immobilier ibiza","description":"","publisher":{"@id":"https:\/\/www.rominaibizavillas.com\/fr\/#organization"},"potentialAction":[{"@type":"SearchAction","target":{"@type":"EntryPoint","urlTemplate":"https:\/\/www.rominaibizavillas.com\/fr\/?s={search_term_string}"},"query-input":{"@type":"PropertyValueSpecification","valueRequired":true,"valueName":"search_term_string"}}],"inLanguage":"it-IT"},{"@type":"Organization","@id":"https:\/\/www.rominaibizavillas.com\/fr\/#organization","name":"Villas vous aide \u00e0 r\u00e9aliser vos r\u00eaves Romina immobilier ibiza","url":"https:\/\/www.rominaibizavillas.com\/fr\/","logo":{"@type":"ImageObject","inLanguage":"it-IT","@id":"https:\/\/www.rominaibizavillas.com\/fr\/#\/schema\/logo\/image\/","url":"https:\/\/www.rominaibizavillas.com\/wp-content\/uploads\/2022\/11\/LOGO-RIV-co-1.png?v=1667560398","contentUrl":"https:\/\/www.rominaibizavillas.com\/wp-content\/uploads\/2022\/11\/LOGO-RIV-co-1.png?v=1667560398","width":250,"height":250,"caption":"Villas vous aide \u00e0 r\u00e9aliser vos r\u00eaves Romina immobilier ibiza"},"image":{"@id":"https:\/\/www.rominaibizavillas.com\/fr\/#\/schema\/logo\/image\/"},"sameAs":["https:\/\/www.facebook.com\/rominaibizavillas","https:\/\/www.instagram.com\/rominaibizavillas\/","https:\/\/www.linkedin.com\/company\/romina-ibiza-villas-andco\/"]}]}},"_links":{"self":[{"href":"https:\/\/www.rominaibizavillas.com\/it\/wp-json\/wp\/v2\/pages\/31","targetHints":{"allow":["GET"]}}],"collection":[{"href":"https:\/\/www.rominaibizavillas.com\/it\/wp-json\/wp\/v2\/pages"}],"about":[{"href":"https:\/\/www.rominaibizavillas.com\/it\/wp-json\/wp\/v2\/types\/page"}],"author":[{"embeddable":true,"href":"https:\/\/www.rominaibizavillas.com\/it\/wp-json\/wp\/v2\/users\/12"}],"replies":[{"embeddable":true,"href":"https:\/\/www.rominaibizavillas.com\/it\/wp-json\/wp\/v2\/comments?post=31"}],"version-history":[{"count":1,"href":"https:\/\/www.rominaibizavillas.com\/it\/wp-json\/wp\/v2\/pages\/31\/revisions"}],"predecessor-version":[{"id":62707,"href":"https:\/\/www.rominaibizavillas.com\/it\/wp-json\/wp\/v2\/pages\/31\/revisions\/62707"}],"wp:featuredmedia":[{"embeddable":true,"href":"https:\/\/www.rominaibizavillas.com\/it\/wp-json\/wp\/v2\/media\/21850"}],"wp:attachment":[{"href":"https:\/\/www.rominaibizavillas.com\/it\/wp-json\/wp\/v2\/media?parent=31"}],"curies":[{"name":"wp","href":"https:\/\/api.w.org\/{rel}","templated":true}]}}