{"id":22259,"date":"2017-08-09T16:23:40","date_gmt":"2017-08-09T14:23:40","guid":{"rendered":"http:\/\/www.rominaibizavillas.com\/?page_id=22259"},"modified":"2023-06-20T14:44:35","modified_gmt":"2023-06-20T12:44:35","slug":"servicios","status":"publish","type":"page","link":"https:\/\/www.rominaibizavillas.com\/it\/servizio\/","title":{"rendered":"Servizio"},"content":{"rendered":"<h2>Romina Ibiza Villas &#8211; <em><a href=\"https:\/\/www.rominaibizavillas.com\/it\/immobiliare-ibiza\">Immobiliare Ibiza<\/a><\/em><\/h2>\n<h3>20 anni di esperienza nel settore immobiliare<\/h3>\n<p>Un affiancamento personalizzato e una amplia gamma di servizi per l\u2019acquisto, la vendita e l\u2019affitto di immobili in tutta l\u2019sola. Abbiamo una rete di clienti internazionali e offriamo una amplia scelta di propriet\u00e0 esclusive.<\/p>\n<p><strong>Servizi ai Venditori<\/strong><\/p>\n<ul>\n<li>Visita dell\u2019immobile.<\/li>\n<li>Creazione dei documenti di vendita con foto professionali.<\/li>\n<li>Video (servizio opzionale)<\/li>\n<li>Presentazione della propriet\u00e0 in diverse lingue.<\/li>\n<li>Collaboratori internazionali.<\/li>\n<li>Promozione dell\u2019immobile attraverso un network esclusivo di clienti.<\/li>\n<\/ul>\n<p><strong>Servizi ai Compratori<\/strong><\/p>\n<ul>\n<li>Studio, analisi e assistenza nella fase di ricerca della casa.<\/li>\n<li>Organizzazione di visite.<\/li>\n<li>Coordinazione con le diverse agenzie coinvolte nello sviluppo della pratiche fiscali e amministrative (NIE, CIF, IVA).<\/li>\n<\/ul>\n<p><strong>Collaboratori<\/strong><\/p>\n<ul>\n<li>Avvocati<\/li>\n<li>Esperti di fisco.<\/li>\n<li>Compagnie di assicurazione.<\/li>\n<li>Architetti.<\/li>\n<li>Costruttori.<\/li>\n<li>Decoratori.<\/li>\n<li>Arredatori.<\/li>\n<li>Fotografo professionale di immobili e eventi.<\/li>\n<\/ul>\n","protected":false},"excerpt":{"rendered":"<p>Romina Ibiza Villas &#8211; Immobiliare Ibiza 20 anni di esperienza nel settore immobiliare Un affiancamento personalizzato e una amplia gamma di servizi per l\u2019acquisto, la vendita e l\u2019affitto di immobili in tutta l\u2019sola. Abbiamo una rete di clienti internazionali e offriamo una amplia scelta di propriet\u00e0 esclusive. Servizi ai Venditori Visita dell\u2019immobile. Creazione dei documenti [&hellip;]<\/p>\n","protected":false},"author":12,"featured_media":22262,"parent":0,"menu_order":0,"comment_status":"closed","ping_status":"closed","template":"","meta":{"footnotes":""},"class_list":["post-22259","page","type-page","status-publish","has-post-thumbnail","hentry"],"acf":[],"yoast_head":"<!-- This site is optimized with the Yoast SEO Premium plugin v20.7 (Yoast SEO v26.6) - https:\/\/yoast.com\/wordpress\/plugins\/seo\/ -->\n<title>Villas vous aide \u00e0 r\u00e9aliser vos r\u00eaves Romina immobilier ibiza<\/title>\n<meta name=\"robots\" content=\"index, follow, max-snippet:-1, max-image-preview:large, max-video-preview:-1\" \/>\n<link rel=\"canonical\" href=\"https:\/\/www.rominaibizavillas.com\/it\/wp-json\/wp\/v2\/pages\/22259\" \/>\n<meta property=\"og:locale\" content=\"it_IT\" \/>\n<meta property=\"og:type\" content=\"article\" \/>\n<meta property=\"og:url\" content=\"https:\/\/www.rominaibizavillas.com\/it\/wp-json\/wp\/v2\/pages\/22259\" \/>\n<meta property=\"og:site_name\" content=\"Villas vous aide \u00e0 r\u00e9aliser vos r\u00eaves Romina immobilier ibiza\" \/>\n<meta property=\"article:publisher\" content=\"https:\/\/www.facebook.com\/rominaibizavillas\" \/>\n<meta property=\"article:modified_time\" content=\"2023-06-20T12:44:35+00:00\" \/>\n<meta property=\"og:image\" content=\"https:\/\/www.rominaibizavillas.com\/wp-content\/uploads\/2017\/08\/Fotos-ROMINA-IBIZA-VILLAS-048.jpg\" \/>\n\t<meta property=\"og:image:width\" content=\"1980\" \/>\n\t<meta property=\"og:image:height\" content=\"750\" \/>\n\t<meta property=\"og:image:type\" content=\"image\/jpeg\" \/>\n<meta name=\"twitter:card\" content=\"summary_large_image\" \/>\n<meta name=\"twitter:title\" content=\"Servizio\" \/>\n<meta name=\"twitter:description\" content=\"Romina Ibiza Villas &#8211; Immobiliare Ibiza 20 anni di esperienza nel settore immobiliare Un affiancamento personalizzato e una amplia gamma di servizi per l\u2019acquisto, la vendita e l\u2019affitto di immobili in tutta l\u2019sola. Abbiamo una rete di clienti internazionali e offriamo una amplia scelta di propriet\u00e0 esclusive. Servizi ai Venditori Visita dell\u2019immobile. Creazione dei documenti [&hellip;]\" \/>\n<meta name=\"twitter:label1\" content=\"Tempo di lettura stimato\" \/>\n\t<meta name=\"twitter:data1\" content=\"4 minuti\" \/>\n<script type=\"application\/ld+json\" class=\"yoast-schema-graph\">{\"@context\":\"https:\/\/schema.org\",\"@graph\":[{\"@type\":\"WebPage\",\"@id\":\"https:\/\/www.rominaibizavillas.com\/servicios\/\",\"url\":\"https:\/\/www.rominaibizavillas.com\/it\/wp-json\/wp\/v2\/pages\/22259\",\"name\":\"\",\"isPartOf\":{\"@id\":\"https:\/\/www.rominaibizavillas.com\/fr\/#website\"},\"primaryImageOfPage\":{\"@id\":\"https:\/\/www.rominaibizavillas.com\/it\/wp-json\/wp\/v2\/pages\/22259#primaryimage\"},\"image\":{\"@id\":\"https:\/\/www.rominaibizavillas.com\/it\/wp-json\/wp\/v2\/pages\/22259#primaryimage\"},\"thumbnailUrl\":\"https:\/\/www.rominaibizavillas.com\/wp-content\/uploads\/2017\/08\/Fotos-ROMINA-IBIZA-VILLAS-048.jpg\",\"datePublished\":\"2017-08-09T14:23:40+00:00\",\"dateModified\":\"2023-06-20T12:44:35+00:00\",\"breadcrumb\":{\"@id\":\"https:\/\/www.rominaibizavillas.com\/it\/wp-json\/wp\/v2\/pages\/22259#breadcrumb\"},\"inLanguage\":\"it-IT\",\"potentialAction\":[{\"@type\":\"ReadAction\",\"target\":[\"https:\/\/www.rominaibizavillas.com\/it\/wp-json\/wp\/v2\/pages\/22259\"]}]},{\"@type\":\"ImageObject\",\"inLanguage\":\"it-IT\",\"@id\":\"https:\/\/www.rominaibizavillas.com\/it\/wp-json\/wp\/v2\/pages\/22259#primaryimage\",\"url\":\"https:\/\/www.rominaibizavillas.com\/wp-content\/uploads\/2017\/08\/Fotos-ROMINA-IBIZA-VILLAS-048.jpg\",\"contentUrl\":\"https:\/\/www.rominaibizavillas.com\/wp-content\/uploads\/2017\/08\/Fotos-ROMINA-IBIZA-VILLAS-048.jpg\",\"width\":1980,\"height\":750},{\"@type\":\"BreadcrumbList\",\"@id\":\"https:\/\/www.rominaibizavillas.com\/it\/wp-json\/wp\/v2\/pages\/22259#breadcrumb\",\"itemListElement\":[{\"@type\":\"ListItem\",\"position\":1,\"name\":\"Accueil\",\"item\":\"https:\/\/www.rominaibizavillas.com\/\"},{\"@type\":\"ListItem\",\"position\":2,\"name\":\"Servicios\"}]},{\"@type\":\"WebSite\",\"@id\":\"https:\/\/www.rominaibizavillas.com\/fr\/#website\",\"url\":\"https:\/\/www.rominaibizavillas.com\/fr\/\",\"name\":\"Villas vous aide \u00e0 r\u00e9aliser vos r\u00eaves Romina immobilier ibiza\",\"description\":\"\",\"publisher\":{\"@id\":\"https:\/\/www.rominaibizavillas.com\/fr\/#organization\"},\"potentialAction\":[{\"@type\":\"SearchAction\",\"target\":{\"@type\":\"EntryPoint\",\"urlTemplate\":\"https:\/\/www.rominaibizavillas.com\/fr\/?s={search_term_string}\"},\"query-input\":{\"@type\":\"PropertyValueSpecification\",\"valueRequired\":true,\"valueName\":\"search_term_string\"}}],\"inLanguage\":\"it-IT\"},{\"@type\":\"Organization\",\"@id\":\"https:\/\/www.rominaibizavillas.com\/fr\/#organization\",\"name\":\"Villas vous aide \u00e0 r\u00e9aliser vos r\u00eaves Romina immobilier ibiza\",\"url\":\"https:\/\/www.rominaibizavillas.com\/fr\/\",\"logo\":{\"@type\":\"ImageObject\",\"inLanguage\":\"it-IT\",\"@id\":\"https:\/\/www.rominaibizavillas.com\/fr\/#\/schema\/logo\/image\/\",\"url\":\"https:\/\/www.rominaibizavillas.com\/wp-content\/uploads\/2022\/11\/LOGO-RIV-co-1.png?v=1667560398\",\"contentUrl\":\"https:\/\/www.rominaibizavillas.com\/wp-content\/uploads\/2022\/11\/LOGO-RIV-co-1.png?v=1667560398\",\"width\":250,\"height\":250,\"caption\":\"Villas vous aide \u00e0 r\u00e9aliser vos r\u00eaves Romina immobilier ibiza\"},\"image\":{\"@id\":\"https:\/\/www.rominaibizavillas.com\/fr\/#\/schema\/logo\/image\/\"},\"sameAs\":[\"https:\/\/www.facebook.com\/rominaibizavillas\",\"https:\/\/www.instagram.com\/rominaibizavillas\/\",\"https:\/\/www.linkedin.com\/company\/romina-ibiza-villas-andco\/\"]}]}<\/script>\n<!-- \/ Yoast SEO Premium plugin. -->","yoast_head_json":{"title":"Villas vous aide \u00e0 r\u00e9aliser vos r\u00eaves Romina immobilier ibiza","robots":{"index":"index","follow":"follow","max-snippet":"max-snippet:-1","max-image-preview":"max-image-preview:large","max-video-preview":"max-video-preview:-1"},"canonical":"https:\/\/www.rominaibizavillas.com\/it\/wp-json\/wp\/v2\/pages\/22259","og_locale":"it_IT","og_type":"article","og_url":"https:\/\/www.rominaibizavillas.com\/it\/wp-json\/wp\/v2\/pages\/22259","og_site_name":"Villas vous aide \u00e0 r\u00e9aliser vos r\u00eaves Romina immobilier ibiza","article_publisher":"https:\/\/www.facebook.com\/rominaibizavillas","article_modified_time":"2023-06-20T12:44:35+00:00","og_image":[{"width":1980,"height":750,"url":"https:\/\/www.rominaibizavillas.com\/wp-content\/uploads\/2017\/08\/Fotos-ROMINA-IBIZA-VILLAS-048.jpg","type":"image\/jpeg"}],"twitter_card":"summary_large_image","twitter_title":"Servizio","twitter_description":"Romina Ibiza Villas &#8211; Immobiliare Ibiza 20 anni di esperienza nel settore immobiliare Un affiancamento personalizzato e una amplia gamma di servizi per l\u2019acquisto, la vendita e l\u2019affitto di immobili in tutta l\u2019sola. Abbiamo una rete di clienti internazionali e offriamo una amplia scelta di propriet\u00e0 esclusive. Servizi ai Venditori Visita dell\u2019immobile. Creazione dei documenti [&hellip;]","twitter_misc":{"Tempo di lettura stimato":"4 minuti"},"schema":{"@context":"https:\/\/schema.org","@graph":[{"@type":"WebPage","@id":"https:\/\/www.rominaibizavillas.com\/servicios\/","url":"https:\/\/www.rominaibizavillas.com\/it\/wp-json\/wp\/v2\/pages\/22259","name":"","isPartOf":{"@id":"https:\/\/www.rominaibizavillas.com\/fr\/#website"},"primaryImageOfPage":{"@id":"https:\/\/www.rominaibizavillas.com\/it\/wp-json\/wp\/v2\/pages\/22259#primaryimage"},"image":{"@id":"https:\/\/www.rominaibizavillas.com\/it\/wp-json\/wp\/v2\/pages\/22259#primaryimage"},"thumbnailUrl":"https:\/\/www.rominaibizavillas.com\/wp-content\/uploads\/2017\/08\/Fotos-ROMINA-IBIZA-VILLAS-048.jpg","datePublished":"2017-08-09T14:23:40+00:00","dateModified":"2023-06-20T12:44:35+00:00","breadcrumb":{"@id":"https:\/\/www.rominaibizavillas.com\/it\/wp-json\/wp\/v2\/pages\/22259#breadcrumb"},"inLanguage":"it-IT","potentialAction":[{"@type":"ReadAction","target":["https:\/\/www.rominaibizavillas.com\/it\/wp-json\/wp\/v2\/pages\/22259"]}]},{"@type":"ImageObject","inLanguage":"it-IT","@id":"https:\/\/www.rominaibizavillas.com\/it\/wp-json\/wp\/v2\/pages\/22259#primaryimage","url":"https:\/\/www.rominaibizavillas.com\/wp-content\/uploads\/2017\/08\/Fotos-ROMINA-IBIZA-VILLAS-048.jpg","contentUrl":"https:\/\/www.rominaibizavillas.com\/wp-content\/uploads\/2017\/08\/Fotos-ROMINA-IBIZA-VILLAS-048.jpg","width":1980,"height":750},{"@type":"BreadcrumbList","@id":"https:\/\/www.rominaibizavillas.com\/it\/wp-json\/wp\/v2\/pages\/22259#breadcrumb","itemListElement":[{"@type":"ListItem","position":1,"name":"Accueil","item":"https:\/\/www.rominaibizavillas.com\/"},{"@type":"ListItem","position":2,"name":"Servicios"}]},{"@type":"WebSite","@id":"https:\/\/www.rominaibizavillas.com\/fr\/#website","url":"https:\/\/www.rominaibizavillas.com\/fr\/","name":"Villas vous aide \u00e0 r\u00e9aliser vos r\u00eaves Romina immobilier ibiza","description":"","publisher":{"@id":"https:\/\/www.rominaibizavillas.com\/fr\/#organization"},"potentialAction":[{"@type":"SearchAction","target":{"@type":"EntryPoint","urlTemplate":"https:\/\/www.rominaibizavillas.com\/fr\/?s={search_term_string}"},"query-input":{"@type":"PropertyValueSpecification","valueRequired":true,"valueName":"search_term_string"}}],"inLanguage":"it-IT"},{"@type":"Organization","@id":"https:\/\/www.rominaibizavillas.com\/fr\/#organization","name":"Villas vous aide \u00e0 r\u00e9aliser vos r\u00eaves Romina immobilier ibiza","url":"https:\/\/www.rominaibizavillas.com\/fr\/","logo":{"@type":"ImageObject","inLanguage":"it-IT","@id":"https:\/\/www.rominaibizavillas.com\/fr\/#\/schema\/logo\/image\/","url":"https:\/\/www.rominaibizavillas.com\/wp-content\/uploads\/2022\/11\/LOGO-RIV-co-1.png?v=1667560398","contentUrl":"https:\/\/www.rominaibizavillas.com\/wp-content\/uploads\/2022\/11\/LOGO-RIV-co-1.png?v=1667560398","width":250,"height":250,"caption":"Villas vous aide \u00e0 r\u00e9aliser vos r\u00eaves Romina immobilier ibiza"},"image":{"@id":"https:\/\/www.rominaibizavillas.com\/fr\/#\/schema\/logo\/image\/"},"sameAs":["https:\/\/www.facebook.com\/rominaibizavillas","https:\/\/www.instagram.com\/rominaibizavillas\/","https:\/\/www.linkedin.com\/company\/romina-ibiza-villas-andco\/"]}]}},"_links":{"self":[{"href":"https:\/\/www.rominaibizavillas.com\/it\/wp-json\/wp\/v2\/pages\/22259","targetHints":{"allow":["GET"]}}],"collection":[{"href":"https:\/\/www.rominaibizavillas.com\/it\/wp-json\/wp\/v2\/pages"}],"about":[{"href":"https:\/\/www.rominaibizavillas.com\/it\/wp-json\/wp\/v2\/types\/page"}],"author":[{"embeddable":true,"href":"https:\/\/www.rominaibizavillas.com\/it\/wp-json\/wp\/v2\/users\/12"}],"replies":[{"embeddable":true,"href":"https:\/\/www.rominaibizavillas.com\/it\/wp-json\/wp\/v2\/comments?post=22259"}],"version-history":[{"count":11,"href":"https:\/\/www.rominaibizavillas.com\/it\/wp-json\/wp\/v2\/pages\/22259\/revisions"}],"predecessor-version":[{"id":68523,"href":"https:\/\/www.rominaibizavillas.com\/it\/wp-json\/wp\/v2\/pages\/22259\/revisions\/68523"}],"wp:featuredmedia":[{"embeddable":true,"href":"https:\/\/www.rominaibizavillas.com\/it\/wp-json\/wp\/v2\/media\/22262"}],"wp:attachment":[{"href":"https:\/\/www.rominaibizavillas.com\/it\/wp-json\/wp\/v2\/media?parent=22259"}],"curies":[{"name":"wp","href":"https:\/\/api.w.org\/{rel}","templated":true}]}}