{"id":1511,"date":"2017-01-29T22:23:12","date_gmt":"2017-01-29T21:23:12","guid":{"rendered":"http:\/\/inmobiliariaibiza.ajaxbit.com\/?page_id=1511"},"modified":"2025-03-28T15:52:42","modified_gmt":"2025-03-28T14:52:42","slug":"nosotros","status":"publish","type":"page","link":"https:\/\/www.rominaibizavillas.com\/it\/espanol-nosotros\/","title":{"rendered":"Chi siamo"},"content":{"rendered":"<p class=\"p1\">Romina e la sua squadra, hanno acquistato durante questi 23 ultimi anni una vasta esperienza.nel mercato dell&#8217;immobiliare su Ibiza. Col passare del tempo, le nostre competenze, il nostro serio ci sono valsi una relazione di fiducia duratura coi nostri clienti a cui proponiamo un servizio personalizzato ed un consiglio di professionisti.<\/p>\n<p class=\"p1\">Formando partito dagli Agenti Immobiliare gradisci, numero API 11475 (sigle che corrispondono ad Agente della propriet\u00e0 Immobiliare), sono i mediatori all&#8217;epoca del contratto di acquisto, dell\u2019affitto o la cessione di propriet\u00e0 immobiliari. Consigliano i proprietari \u00a0e gli acquirenti fornendo loro \u00a0 la notizia necessaria su queste operazioni. Realizzano anche dei lavori di perizia. Un A.P.I. detiene il diploma iscrive al Collegio di agenti della Propriet\u00e0 Immobiliare della sua provincia.<\/p>\n<p class=\"p1\">La nostra squadra si costituisce di 4 collaboratori creativi ed intuitivi<\/p>\n<p class=\"p1\">all&#8217;ascolto dei bisogni e delle attese di persone in ricerca di acquisto e di vendita di beni. I nostri consiglieri dominano, lo Spagnolo, l&#8217;inglese, il francese, l&#8217; olandese , il tedesco, l&#8217;italiano, e beneficiano di formazioni giuridiche e fiscali. La multi-competenza dei nostri agenti \u00e8 una carta vincente decisiva per quelli che li consulta.<\/p>\n","protected":false},"excerpt":{"rendered":"<p>Romina e la sua squadra, hanno acquistato durante questi 23 ultimi anni una vasta esperienza.nel mercato dell&#8217;immobiliare su Ibiza. Col passare del tempo, le nostre competenze, il nostro serio ci sono valsi una relazione di fiducia duratura coi nostri clienti a cui proponiamo un servizio personalizzato ed un consiglio di professionisti. Formando partito dagli Agenti [&hellip;]<\/p>\n","protected":false},"author":12,"featured_media":22258,"parent":0,"menu_order":0,"comment_status":"closed","ping_status":"closed","template":"","meta":{"footnotes":""},"class_list":["post-1511","page","type-page","status-publish","has-post-thumbnail","hentry"],"acf":[],"yoast_head":"<!-- This site is optimized with the Yoast SEO Premium plugin v20.7 (Yoast SEO v26.6) - https:\/\/yoast.com\/wordpress\/plugins\/seo\/ -->\n<title>Villas vous aide \u00e0 r\u00e9aliser vos r\u00eaves Romina immobilier ibiza<\/title>\n<meta name=\"robots\" content=\"index, follow, max-snippet:-1, max-image-preview:large, max-video-preview:-1\" \/>\n<link rel=\"canonical\" href=\"https:\/\/www.rominaibizavillas.com\/it\/wp-json\/wp\/v2\/pages\/1511\" \/>\n<meta property=\"og:locale\" content=\"it_IT\" \/>\n<meta property=\"og:type\" content=\"article\" \/>\n<meta property=\"og:url\" content=\"https:\/\/www.rominaibizavillas.com\/it\/wp-json\/wp\/v2\/pages\/1511\" \/>\n<meta property=\"og:site_name\" content=\"Villas vous aide \u00e0 r\u00e9aliser vos r\u00eaves Romina immobilier ibiza\" \/>\n<meta property=\"article:publisher\" content=\"https:\/\/www.facebook.com\/rominaibizavillas\" \/>\n<meta property=\"article:modified_time\" content=\"2025-03-28T14:52:42+00:00\" \/>\n<meta property=\"og:image\" content=\"https:\/\/www.rominaibizavillas.com\/wp-content\/uploads\/2017\/01\/romina-ibiza-villas-the-office.jpg\" \/>\n\t<meta property=\"og:image:width\" content=\"1980\" \/>\n\t<meta property=\"og:image:height\" content=\"750\" \/>\n\t<meta property=\"og:image:type\" content=\"image\/jpeg\" \/>\n<meta name=\"twitter:card\" content=\"summary_large_image\" \/>\n<meta name=\"twitter:title\" content=\"Chi siamo\" \/>\n<meta name=\"twitter:description\" content=\"Romina e la sua squadra, hanno acquistato durante questi 23 ultimi anni una vasta esperienza.nel mercato dell&#8217;immobiliare su Ibiza. Col passare del tempo, le nostre competenze, il nostro serio ci sono valsi una relazione di fiducia duratura coi nostri clienti a cui proponiamo un servizio personalizzato ed un consiglio di professionisti. Formando partito dagli Agenti [&hellip;]\" \/>\n<meta name=\"twitter:label1\" content=\"Tempo di lettura stimato\" \/>\n\t<meta name=\"twitter:data1\" content=\"5 minuti\" \/>\n<script type=\"application\/ld+json\" class=\"yoast-schema-graph\">{\"@context\":\"https:\/\/schema.org\",\"@graph\":[{\"@type\":\"WebPage\",\"@id\":\"https:\/\/www.rominaibizavillas.com\/nosotros\/\",\"url\":\"https:\/\/www.rominaibizavillas.com\/it\/wp-json\/wp\/v2\/pages\/1511\",\"name\":\"\",\"isPartOf\":{\"@id\":\"https:\/\/www.rominaibizavillas.com\/fr\/#website\"},\"primaryImageOfPage\":{\"@id\":\"https:\/\/www.rominaibizavillas.com\/it\/wp-json\/wp\/v2\/pages\/1511#primaryimage\"},\"image\":{\"@id\":\"https:\/\/www.rominaibizavillas.com\/it\/wp-json\/wp\/v2\/pages\/1511#primaryimage\"},\"thumbnailUrl\":\"https:\/\/www.rominaibizavillas.com\/wp-content\/uploads\/2017\/01\/romina-ibiza-villas-the-office.jpg\",\"datePublished\":\"2017-01-29T21:23:12+00:00\",\"dateModified\":\"2025-03-28T14:52:42+00:00\",\"breadcrumb\":{\"@id\":\"https:\/\/www.rominaibizavillas.com\/it\/wp-json\/wp\/v2\/pages\/1511#breadcrumb\"},\"inLanguage\":\"it-IT\",\"potentialAction\":[{\"@type\":\"ReadAction\",\"target\":[\"https:\/\/www.rominaibizavillas.com\/it\/wp-json\/wp\/v2\/pages\/1511\"]}]},{\"@type\":\"ImageObject\",\"inLanguage\":\"it-IT\",\"@id\":\"https:\/\/www.rominaibizavillas.com\/it\/wp-json\/wp\/v2\/pages\/1511#primaryimage\",\"url\":\"https:\/\/www.rominaibizavillas.com\/wp-content\/uploads\/2017\/01\/romina-ibiza-villas-the-office.jpg\",\"contentUrl\":\"https:\/\/www.rominaibizavillas.com\/wp-content\/uploads\/2017\/01\/romina-ibiza-villas-the-office.jpg\",\"width\":1980,\"height\":750},{\"@type\":\"BreadcrumbList\",\"@id\":\"https:\/\/www.rominaibizavillas.com\/it\/wp-json\/wp\/v2\/pages\/1511#breadcrumb\",\"itemListElement\":[{\"@type\":\"ListItem\",\"position\":1,\"name\":\"Accueil\",\"item\":\"https:\/\/www.rominaibizavillas.com\/\"},{\"@type\":\"ListItem\",\"position\":2,\"name\":\"Nosotros\"}]},{\"@type\":\"WebSite\",\"@id\":\"https:\/\/www.rominaibizavillas.com\/fr\/#website\",\"url\":\"https:\/\/www.rominaibizavillas.com\/fr\/\",\"name\":\"Villas vous aide \u00e0 r\u00e9aliser vos r\u00eaves Romina immobilier ibiza\",\"description\":\"\",\"publisher\":{\"@id\":\"https:\/\/www.rominaibizavillas.com\/fr\/#organization\"},\"potentialAction\":[{\"@type\":\"SearchAction\",\"target\":{\"@type\":\"EntryPoint\",\"urlTemplate\":\"https:\/\/www.rominaibizavillas.com\/fr\/?s={search_term_string}\"},\"query-input\":{\"@type\":\"PropertyValueSpecification\",\"valueRequired\":true,\"valueName\":\"search_term_string\"}}],\"inLanguage\":\"it-IT\"},{\"@type\":\"Organization\",\"@id\":\"https:\/\/www.rominaibizavillas.com\/fr\/#organization\",\"name\":\"Villas vous aide \u00e0 r\u00e9aliser vos r\u00eaves Romina immobilier ibiza\",\"url\":\"https:\/\/www.rominaibizavillas.com\/fr\/\",\"logo\":{\"@type\":\"ImageObject\",\"inLanguage\":\"it-IT\",\"@id\":\"https:\/\/www.rominaibizavillas.com\/fr\/#\/schema\/logo\/image\/\",\"url\":\"https:\/\/www.rominaibizavillas.com\/wp-content\/uploads\/2022\/11\/LOGO-RIV-co-1.png?v=1667560398\",\"contentUrl\":\"https:\/\/www.rominaibizavillas.com\/wp-content\/uploads\/2022\/11\/LOGO-RIV-co-1.png?v=1667560398\",\"width\":250,\"height\":250,\"caption\":\"Villas vous aide \u00e0 r\u00e9aliser vos r\u00eaves Romina immobilier ibiza\"},\"image\":{\"@id\":\"https:\/\/www.rominaibizavillas.com\/fr\/#\/schema\/logo\/image\/\"},\"sameAs\":[\"https:\/\/www.facebook.com\/rominaibizavillas\",\"https:\/\/www.instagram.com\/rominaibizavillas\/\",\"https:\/\/www.linkedin.com\/company\/romina-ibiza-villas-andco\/\"]}]}<\/script>\n<!-- \/ Yoast SEO Premium plugin. -->","yoast_head_json":{"title":"Villas vous aide \u00e0 r\u00e9aliser vos r\u00eaves Romina immobilier ibiza","robots":{"index":"index","follow":"follow","max-snippet":"max-snippet:-1","max-image-preview":"max-image-preview:large","max-video-preview":"max-video-preview:-1"},"canonical":"https:\/\/www.rominaibizavillas.com\/it\/wp-json\/wp\/v2\/pages\/1511","og_locale":"it_IT","og_type":"article","og_url":"https:\/\/www.rominaibizavillas.com\/it\/wp-json\/wp\/v2\/pages\/1511","og_site_name":"Villas vous aide \u00e0 r\u00e9aliser vos r\u00eaves Romina immobilier ibiza","article_publisher":"https:\/\/www.facebook.com\/rominaibizavillas","article_modified_time":"2025-03-28T14:52:42+00:00","og_image":[{"width":1980,"height":750,"url":"https:\/\/www.rominaibizavillas.com\/wp-content\/uploads\/2017\/01\/romina-ibiza-villas-the-office.jpg","type":"image\/jpeg"}],"twitter_card":"summary_large_image","twitter_title":"Chi siamo","twitter_description":"Romina e la sua squadra, hanno acquistato durante questi 23 ultimi anni una vasta esperienza.nel mercato dell&#8217;immobiliare su Ibiza. Col passare del tempo, le nostre competenze, il nostro serio ci sono valsi una relazione di fiducia duratura coi nostri clienti a cui proponiamo un servizio personalizzato ed un consiglio di professionisti. Formando partito dagli Agenti [&hellip;]","twitter_misc":{"Tempo di lettura stimato":"5 minuti"},"schema":{"@context":"https:\/\/schema.org","@graph":[{"@type":"WebPage","@id":"https:\/\/www.rominaibizavillas.com\/nosotros\/","url":"https:\/\/www.rominaibizavillas.com\/it\/wp-json\/wp\/v2\/pages\/1511","name":"","isPartOf":{"@id":"https:\/\/www.rominaibizavillas.com\/fr\/#website"},"primaryImageOfPage":{"@id":"https:\/\/www.rominaibizavillas.com\/it\/wp-json\/wp\/v2\/pages\/1511#primaryimage"},"image":{"@id":"https:\/\/www.rominaibizavillas.com\/it\/wp-json\/wp\/v2\/pages\/1511#primaryimage"},"thumbnailUrl":"https:\/\/www.rominaibizavillas.com\/wp-content\/uploads\/2017\/01\/romina-ibiza-villas-the-office.jpg","datePublished":"2017-01-29T21:23:12+00:00","dateModified":"2025-03-28T14:52:42+00:00","breadcrumb":{"@id":"https:\/\/www.rominaibizavillas.com\/it\/wp-json\/wp\/v2\/pages\/1511#breadcrumb"},"inLanguage":"it-IT","potentialAction":[{"@type":"ReadAction","target":["https:\/\/www.rominaibizavillas.com\/it\/wp-json\/wp\/v2\/pages\/1511"]}]},{"@type":"ImageObject","inLanguage":"it-IT","@id":"https:\/\/www.rominaibizavillas.com\/it\/wp-json\/wp\/v2\/pages\/1511#primaryimage","url":"https:\/\/www.rominaibizavillas.com\/wp-content\/uploads\/2017\/01\/romina-ibiza-villas-the-office.jpg","contentUrl":"https:\/\/www.rominaibizavillas.com\/wp-content\/uploads\/2017\/01\/romina-ibiza-villas-the-office.jpg","width":1980,"height":750},{"@type":"BreadcrumbList","@id":"https:\/\/www.rominaibizavillas.com\/it\/wp-json\/wp\/v2\/pages\/1511#breadcrumb","itemListElement":[{"@type":"ListItem","position":1,"name":"Accueil","item":"https:\/\/www.rominaibizavillas.com\/"},{"@type":"ListItem","position":2,"name":"Nosotros"}]},{"@type":"WebSite","@id":"https:\/\/www.rominaibizavillas.com\/fr\/#website","url":"https:\/\/www.rominaibizavillas.com\/fr\/","name":"Villas vous aide \u00e0 r\u00e9aliser vos r\u00eaves Romina immobilier ibiza","description":"","publisher":{"@id":"https:\/\/www.rominaibizavillas.com\/fr\/#organization"},"potentialAction":[{"@type":"SearchAction","target":{"@type":"EntryPoint","urlTemplate":"https:\/\/www.rominaibizavillas.com\/fr\/?s={search_term_string}"},"query-input":{"@type":"PropertyValueSpecification","valueRequired":true,"valueName":"search_term_string"}}],"inLanguage":"it-IT"},{"@type":"Organization","@id":"https:\/\/www.rominaibizavillas.com\/fr\/#organization","name":"Villas vous aide \u00e0 r\u00e9aliser vos r\u00eaves Romina immobilier ibiza","url":"https:\/\/www.rominaibizavillas.com\/fr\/","logo":{"@type":"ImageObject","inLanguage":"it-IT","@id":"https:\/\/www.rominaibizavillas.com\/fr\/#\/schema\/logo\/image\/","url":"https:\/\/www.rominaibizavillas.com\/wp-content\/uploads\/2022\/11\/LOGO-RIV-co-1.png?v=1667560398","contentUrl":"https:\/\/www.rominaibizavillas.com\/wp-content\/uploads\/2022\/11\/LOGO-RIV-co-1.png?v=1667560398","width":250,"height":250,"caption":"Villas vous aide \u00e0 r\u00e9aliser vos r\u00eaves Romina immobilier ibiza"},"image":{"@id":"https:\/\/www.rominaibizavillas.com\/fr\/#\/schema\/logo\/image\/"},"sameAs":["https:\/\/www.facebook.com\/rominaibizavillas","https:\/\/www.instagram.com\/rominaibizavillas\/","https:\/\/www.linkedin.com\/company\/romina-ibiza-villas-andco\/"]}]}},"_links":{"self":[{"href":"https:\/\/www.rominaibizavillas.com\/it\/wp-json\/wp\/v2\/pages\/1511","targetHints":{"allow":["GET"]}}],"collection":[{"href":"https:\/\/www.rominaibizavillas.com\/it\/wp-json\/wp\/v2\/pages"}],"about":[{"href":"https:\/\/www.rominaibizavillas.com\/it\/wp-json\/wp\/v2\/types\/page"}],"author":[{"embeddable":true,"href":"https:\/\/www.rominaibizavillas.com\/it\/wp-json\/wp\/v2\/users\/12"}],"replies":[{"embeddable":true,"href":"https:\/\/www.rominaibizavillas.com\/it\/wp-json\/wp\/v2\/comments?post=1511"}],"version-history":[{"count":1,"href":"https:\/\/www.rominaibizavillas.com\/it\/wp-json\/wp\/v2\/pages\/1511\/revisions"}],"predecessor-version":[{"id":79465,"href":"https:\/\/www.rominaibizavillas.com\/it\/wp-json\/wp\/v2\/pages\/1511\/revisions\/79465"}],"wp:featuredmedia":[{"embeddable":true,"href":"https:\/\/www.rominaibizavillas.com\/it\/wp-json\/wp\/v2\/media\/22258"}],"wp:attachment":[{"href":"https:\/\/www.rominaibizavillas.com\/it\/wp-json\/wp\/v2\/media?parent=1511"}],"curies":[{"name":"wp","href":"https:\/\/api.w.org\/{rel}","templated":true}]}}