{"id":22,"date":"2016-11-04T02:12:52","date_gmt":"2016-11-04T01:12:52","guid":{"rendered":"http:\/\/inmobiliariaibiza.ajaxbit.com\/?page_id=22"},"modified":"2022-11-11T15:39:54","modified_gmt":"2022-11-11T14:39:54","slug":"venta","status":"publish","type":"page","link":"https:\/\/www.rominaibizavillas.com\/fr\/appartements-et-maisons-a-acheter-a-ibiza\/","title":{"rendered":"Appartements et maisons \u00e0 acheter \u00e0 ibiza"},"content":{"rendered":"<p>Nous sommes Romina Ibiza Villas &amp; co, votre agence immobili\u00e8re  \u00e0 Ibiza et nous vous proposons la meilleure s\u00e9lection de propri\u00e9t\u00e9s sur l&rsquo;\u00eele: villas, fincas, appartements et terrains \u00e0 vendre.<br \/>\nSi vous ne trouvez pas ce que vous recherchez, contactez-nous et nous effectuerons une recherche approfondie afin de vous trouver la meilleure option.<\/p>\n","protected":false},"excerpt":{"rendered":"<p>Nous sommes Romina Ibiza Villas &amp; co, votre agence immobili\u00e8re \u00e0 Ibiza et nous vous proposons la meilleure s\u00e9lection de propri\u00e9t\u00e9s sur l&rsquo;\u00eele: villas, fincas, appartements et terrains \u00e0 vendre. Si vous ne trouvez pas ce que vous recherchez, contactez-nous et nous effectuerons une recherche approfondie afin de vous trouver la meilleure option.<\/p>\n","protected":false},"author":12,"featured_media":24368,"parent":0,"menu_order":4,"comment_status":"closed","ping_status":"closed","template":"template-search.php","meta":{"footnotes":""},"class_list":["post-22","page","type-page","status-publish","has-post-thumbnail","hentry"],"acf":[],"yoast_head":"<!-- This site is optimized with the Yoast SEO Premium plugin v20.7 (Yoast SEO v26.6) - https:\/\/yoast.com\/wordpress\/plugins\/seo\/ -->\n<title>Villas vous aide \u00e0 r\u00e9aliser vos r\u00eaves Romina immobilier ibiza<\/title>\n<meta name=\"description\" content=\"Villas, Terrenos, Pisos y Casas en venta en Ibiza. Ver nuestra selecci\u00f3n de inmuebles en Santa Eulalia, San Lorenzo, San Carlos, San Antonio, Roca Llisa ...\" \/>\n<meta name=\"robots\" content=\"index, follow, max-snippet:-1, max-image-preview:large, max-video-preview:-1\" \/>\n<link rel=\"canonical\" href=\"https:\/\/www.rominaibizavillas.com\/fr\/wp-json\/wp\/v2\/pages\/22\" \/>\n<meta property=\"og:locale\" content=\"fr_FR\" \/>\n<meta property=\"og:type\" content=\"article\" \/>\n<meta property=\"og:title\" content=\"Pisos y casas en venta en Ibiza - Romina Ibiza Villas Inmobiliaria\" \/>\n<meta property=\"og:description\" content=\"Villas, Terrenos, Pisos y Casas en venta en Ibiza. Ver nuestra selecci\u00f3n de inmuebles en Santa Eulalia, San Lorenzo, San Carlos, San Antonio, Roca Llisa ...\" \/>\n<meta property=\"og:url\" content=\"https:\/\/www.rominaibizavillas.com\/fr\/wp-json\/wp\/v2\/pages\/22\" \/>\n<meta property=\"og:site_name\" content=\"Villas vous aide \u00e0 r\u00e9aliser vos r\u00eaves Romina immobilier ibiza\" \/>\n<meta property=\"article:publisher\" content=\"https:\/\/www.facebook.com\/rominaibizavillas\" \/>\n<meta property=\"article:modified_time\" content=\"2022-11-11T14:39:54+00:00\" \/>\n<meta property=\"og:image\" content=\"https:\/\/www.rominaibizavillas.com\/wp-content\/uploads\/2016\/11\/Fotos-ROMINA-IBIZA-VILLAS-062-2.jpg\" \/>\n\t<meta property=\"og:image:width\" content=\"1980\" \/>\n\t<meta property=\"og:image:height\" content=\"750\" \/>\n\t<meta property=\"og:image:type\" content=\"image\/jpeg\" \/>\n<meta name=\"twitter:card\" content=\"summary_large_image\" \/>\n<meta name=\"twitter:title\" content=\"Appartements et maisons \u00e0 acheter \u00e0 ibiza\" \/>\n<meta name=\"twitter:label1\" content=\"Dur\u00e9e de lecture estim\u00e9e\" \/>\n\t<meta name=\"twitter:data1\" content=\"2 minutes\" \/>\n<script type=\"application\/ld+json\" class=\"yoast-schema-graph\">{\"@context\":\"https:\/\/schema.org\",\"@graph\":[{\"@type\":\"WebPage\",\"@id\":\"https:\/\/www.rominaibizavillas.com\/pisos-y-casas-en-venta-en-ibiza\/\",\"url\":\"https:\/\/www.rominaibizavillas.com\/fr\/wp-json\/wp\/v2\/pages\/22\",\"name\":\"Pisos y casas en venta en Ibiza - Romina Ibiza Villas Inmobiliaria\",\"isPartOf\":{\"@id\":\"https:\/\/www.rominaibizavillas.com\/fr\/#website\"},\"primaryImageOfPage\":{\"@id\":\"https:\/\/www.rominaibizavillas.com\/fr\/wp-json\/wp\/v2\/pages\/22#primaryimage\"},\"image\":{\"@id\":\"https:\/\/www.rominaibizavillas.com\/fr\/wp-json\/wp\/v2\/pages\/22#primaryimage\"},\"thumbnailUrl\":\"https:\/\/www.rominaibizavillas.com\/wp-content\/uploads\/2016\/11\/Fotos-ROMINA-IBIZA-VILLAS-062-2.jpg\",\"datePublished\":\"2016-11-04T01:12:52+00:00\",\"dateModified\":\"2022-11-11T14:39:54+00:00\",\"description\":\"Villas, Terrenos, Pisos y Casas en venta en Ibiza. Ver nuestra selecci\u00f3n de inmuebles en Santa Eulalia, San Lorenzo, San Carlos, San Antonio, Roca Llisa ...\",\"breadcrumb\":{\"@id\":\"https:\/\/www.rominaibizavillas.com\/fr\/wp-json\/wp\/v2\/pages\/22#breadcrumb\"},\"inLanguage\":\"fr-FR\",\"potentialAction\":[{\"@type\":\"ReadAction\",\"target\":[\"https:\/\/www.rominaibizavillas.com\/fr\/wp-json\/wp\/v2\/pages\/22\"]}]},{\"@type\":\"ImageObject\",\"inLanguage\":\"fr-FR\",\"@id\":\"https:\/\/www.rominaibizavillas.com\/fr\/wp-json\/wp\/v2\/pages\/22#primaryimage\",\"url\":\"https:\/\/www.rominaibizavillas.com\/wp-content\/uploads\/2016\/11\/Fotos-ROMINA-IBIZA-VILLAS-062-2.jpg\",\"contentUrl\":\"https:\/\/www.rominaibizavillas.com\/wp-content\/uploads\/2016\/11\/Fotos-ROMINA-IBIZA-VILLAS-062-2.jpg\",\"width\":1980,\"height\":750},{\"@type\":\"BreadcrumbList\",\"@id\":\"https:\/\/www.rominaibizavillas.com\/fr\/wp-json\/wp\/v2\/pages\/22#breadcrumb\",\"itemListElement\":[{\"@type\":\"ListItem\",\"position\":1,\"name\":\"Accueil\",\"item\":\"https:\/\/www.rominaibizavillas.com\/\"},{\"@type\":\"ListItem\",\"position\":2,\"name\":\"Pisos y casas en venta en Ibiza\"}]},{\"@type\":\"WebSite\",\"@id\":\"https:\/\/www.rominaibizavillas.com\/fr\/#website\",\"url\":\"https:\/\/www.rominaibizavillas.com\/fr\/\",\"name\":\"Villas vous aide \u00e0 r\u00e9aliser vos r\u00eaves Romina immobilier ibiza\",\"description\":\"\",\"publisher\":{\"@id\":\"https:\/\/www.rominaibizavillas.com\/fr\/#organization\"},\"potentialAction\":[{\"@type\":\"SearchAction\",\"target\":{\"@type\":\"EntryPoint\",\"urlTemplate\":\"https:\/\/www.rominaibizavillas.com\/fr\/?s={search_term_string}\"},\"query-input\":{\"@type\":\"PropertyValueSpecification\",\"valueRequired\":true,\"valueName\":\"search_term_string\"}}],\"inLanguage\":\"fr-FR\"},{\"@type\":\"Organization\",\"@id\":\"https:\/\/www.rominaibizavillas.com\/fr\/#organization\",\"name\":\"Villas vous aide \u00e0 r\u00e9aliser vos r\u00eaves Romina immobilier ibiza\",\"url\":\"https:\/\/www.rominaibizavillas.com\/fr\/\",\"logo\":{\"@type\":\"ImageObject\",\"inLanguage\":\"fr-FR\",\"@id\":\"https:\/\/www.rominaibizavillas.com\/fr\/#\/schema\/logo\/image\/\",\"url\":\"https:\/\/www.rominaibizavillas.com\/wp-content\/uploads\/2022\/11\/LOGO-RIV-co-1.png?v=1667560398\",\"contentUrl\":\"https:\/\/www.rominaibizavillas.com\/wp-content\/uploads\/2022\/11\/LOGO-RIV-co-1.png?v=1667560398\",\"width\":250,\"height\":250,\"caption\":\"Villas vous aide \u00e0 r\u00e9aliser vos r\u00eaves Romina immobilier ibiza\"},\"image\":{\"@id\":\"https:\/\/www.rominaibizavillas.com\/fr\/#\/schema\/logo\/image\/\"},\"sameAs\":[\"https:\/\/www.facebook.com\/rominaibizavillas\",\"https:\/\/www.instagram.com\/rominaibizavillas\/\",\"https:\/\/www.linkedin.com\/company\/romina-ibiza-villas-andco\/\"]}]}<\/script>\n<!-- \/ Yoast SEO Premium plugin. -->","yoast_head_json":{"title":"Villas vous aide \u00e0 r\u00e9aliser vos r\u00eaves Romina immobilier ibiza","description":"Villas, Terrenos, Pisos y Casas en venta en Ibiza. Ver nuestra selecci\u00f3n de inmuebles en Santa Eulalia, San Lorenzo, San Carlos, San Antonio, Roca Llisa ...","robots":{"index":"index","follow":"follow","max-snippet":"max-snippet:-1","max-image-preview":"max-image-preview:large","max-video-preview":"max-video-preview:-1"},"canonical":"https:\/\/www.rominaibizavillas.com\/fr\/wp-json\/wp\/v2\/pages\/22","og_locale":"fr_FR","og_type":"article","og_title":"Pisos y casas en venta en Ibiza - Romina Ibiza Villas Inmobiliaria","og_description":"Villas, Terrenos, Pisos y Casas en venta en Ibiza. Ver nuestra selecci\u00f3n de inmuebles en Santa Eulalia, San Lorenzo, San Carlos, San Antonio, Roca Llisa ...","og_url":"https:\/\/www.rominaibizavillas.com\/fr\/wp-json\/wp\/v2\/pages\/22","og_site_name":"Villas vous aide \u00e0 r\u00e9aliser vos r\u00eaves Romina immobilier ibiza","article_publisher":"https:\/\/www.facebook.com\/rominaibizavillas","article_modified_time":"2022-11-11T14:39:54+00:00","og_image":[{"width":1980,"height":750,"url":"https:\/\/www.rominaibizavillas.com\/wp-content\/uploads\/2016\/11\/Fotos-ROMINA-IBIZA-VILLAS-062-2.jpg","type":"image\/jpeg"}],"twitter_card":"summary_large_image","twitter_title":"Appartements et maisons \u00e0 acheter \u00e0 ibiza","twitter_misc":{"Dur\u00e9e de lecture estim\u00e9e":"2 minutes"},"schema":{"@context":"https:\/\/schema.org","@graph":[{"@type":"WebPage","@id":"https:\/\/www.rominaibizavillas.com\/pisos-y-casas-en-venta-en-ibiza\/","url":"https:\/\/www.rominaibizavillas.com\/fr\/wp-json\/wp\/v2\/pages\/22","name":"Pisos y casas en venta en Ibiza - Romina Ibiza Villas Inmobiliaria","isPartOf":{"@id":"https:\/\/www.rominaibizavillas.com\/fr\/#website"},"primaryImageOfPage":{"@id":"https:\/\/www.rominaibizavillas.com\/fr\/wp-json\/wp\/v2\/pages\/22#primaryimage"},"image":{"@id":"https:\/\/www.rominaibizavillas.com\/fr\/wp-json\/wp\/v2\/pages\/22#primaryimage"},"thumbnailUrl":"https:\/\/www.rominaibizavillas.com\/wp-content\/uploads\/2016\/11\/Fotos-ROMINA-IBIZA-VILLAS-062-2.jpg","datePublished":"2016-11-04T01:12:52+00:00","dateModified":"2022-11-11T14:39:54+00:00","description":"Villas, Terrenos, Pisos y Casas en venta en Ibiza. Ver nuestra selecci\u00f3n de inmuebles en Santa Eulalia, San Lorenzo, San Carlos, San Antonio, Roca Llisa ...","breadcrumb":{"@id":"https:\/\/www.rominaibizavillas.com\/fr\/wp-json\/wp\/v2\/pages\/22#breadcrumb"},"inLanguage":"fr-FR","potentialAction":[{"@type":"ReadAction","target":["https:\/\/www.rominaibizavillas.com\/fr\/wp-json\/wp\/v2\/pages\/22"]}]},{"@type":"ImageObject","inLanguage":"fr-FR","@id":"https:\/\/www.rominaibizavillas.com\/fr\/wp-json\/wp\/v2\/pages\/22#primaryimage","url":"https:\/\/www.rominaibizavillas.com\/wp-content\/uploads\/2016\/11\/Fotos-ROMINA-IBIZA-VILLAS-062-2.jpg","contentUrl":"https:\/\/www.rominaibizavillas.com\/wp-content\/uploads\/2016\/11\/Fotos-ROMINA-IBIZA-VILLAS-062-2.jpg","width":1980,"height":750},{"@type":"BreadcrumbList","@id":"https:\/\/www.rominaibizavillas.com\/fr\/wp-json\/wp\/v2\/pages\/22#breadcrumb","itemListElement":[{"@type":"ListItem","position":1,"name":"Accueil","item":"https:\/\/www.rominaibizavillas.com\/"},{"@type":"ListItem","position":2,"name":"Pisos y casas en venta en Ibiza"}]},{"@type":"WebSite","@id":"https:\/\/www.rominaibizavillas.com\/fr\/#website","url":"https:\/\/www.rominaibizavillas.com\/fr\/","name":"Villas vous aide \u00e0 r\u00e9aliser vos r\u00eaves Romina immobilier ibiza","description":"","publisher":{"@id":"https:\/\/www.rominaibizavillas.com\/fr\/#organization"},"potentialAction":[{"@type":"SearchAction","target":{"@type":"EntryPoint","urlTemplate":"https:\/\/www.rominaibizavillas.com\/fr\/?s={search_term_string}"},"query-input":{"@type":"PropertyValueSpecification","valueRequired":true,"valueName":"search_term_string"}}],"inLanguage":"fr-FR"},{"@type":"Organization","@id":"https:\/\/www.rominaibizavillas.com\/fr\/#organization","name":"Villas vous aide \u00e0 r\u00e9aliser vos r\u00eaves Romina immobilier ibiza","url":"https:\/\/www.rominaibizavillas.com\/fr\/","logo":{"@type":"ImageObject","inLanguage":"fr-FR","@id":"https:\/\/www.rominaibizavillas.com\/fr\/#\/schema\/logo\/image\/","url":"https:\/\/www.rominaibizavillas.com\/wp-content\/uploads\/2022\/11\/LOGO-RIV-co-1.png?v=1667560398","contentUrl":"https:\/\/www.rominaibizavillas.com\/wp-content\/uploads\/2022\/11\/LOGO-RIV-co-1.png?v=1667560398","width":250,"height":250,"caption":"Villas vous aide \u00e0 r\u00e9aliser vos r\u00eaves Romina immobilier ibiza"},"image":{"@id":"https:\/\/www.rominaibizavillas.com\/fr\/#\/schema\/logo\/image\/"},"sameAs":["https:\/\/www.facebook.com\/rominaibizavillas","https:\/\/www.instagram.com\/rominaibizavillas\/","https:\/\/www.linkedin.com\/company\/romina-ibiza-villas-andco\/"]}]}},"_links":{"self":[{"href":"https:\/\/www.rominaibizavillas.com\/fr\/wp-json\/wp\/v2\/pages\/22","targetHints":{"allow":["GET"]}}],"collection":[{"href":"https:\/\/www.rominaibizavillas.com\/fr\/wp-json\/wp\/v2\/pages"}],"about":[{"href":"https:\/\/www.rominaibizavillas.com\/fr\/wp-json\/wp\/v2\/types\/page"}],"author":[{"embeddable":true,"href":"https:\/\/www.rominaibizavillas.com\/fr\/wp-json\/wp\/v2\/users\/12"}],"replies":[{"embeddable":true,"href":"https:\/\/www.rominaibizavillas.com\/fr\/wp-json\/wp\/v2\/comments?post=22"}],"version-history":[{"count":1,"href":"https:\/\/www.rominaibizavillas.com\/fr\/wp-json\/wp\/v2\/pages\/22\/revisions"}],"predecessor-version":[{"id":62706,"href":"https:\/\/www.rominaibizavillas.com\/fr\/wp-json\/wp\/v2\/pages\/22\/revisions\/62706"}],"wp:featuredmedia":[{"embeddable":true,"href":"https:\/\/www.rominaibizavillas.com\/fr\/wp-json\/wp\/v2\/media\/24368"}],"wp:attachment":[{"href":"https:\/\/www.rominaibizavillas.com\/fr\/wp-json\/wp\/v2\/media?parent=22"}],"curies":[{"name":"wp","href":"https:\/\/api.w.org\/{rel}","templated":true}]}}