{"id":1511,"date":"2017-01-29T22:23:12","date_gmt":"2017-01-29T21:23:12","guid":{"rendered":"http:\/\/inmobiliariaibiza.ajaxbit.com\/?page_id=1511"},"modified":"2025-03-28T15:52:42","modified_gmt":"2025-03-28T14:52:42","slug":"nosotros","status":"publish","type":"page","link":"https:\/\/www.rominaibizavillas.com\/fr\/espanol-nosotros\/","title":{"rendered":"Qui sommes-nous?"},"content":{"rendered":"<p class=\"p1\">Romina et son \u00e9quipe, ont acquis au cours de ces 23 derni\u00e8res ann\u00e9es<span class=\"Apple-converted-space\">\u00a0 <\/span>une large exp\u00e9rience<span class=\"Apple-converted-space\">\u00a0 <\/span>dans le march\u00e9 de l\u2019immobilier<span class=\"Apple-converted-space\">\u00a0 <\/span>sur Ibiza. Au fil du temps, nos comp\u00e9tences, notre s\u00e9rieux nous ont valu une relation de confiance durable avec nos clients \u00e0 qui nous proposons un service personnalis\u00e9 et un conseil de professionnels.<\/p>\n<p class=\"p1\">Formant partie des Agents Immobiliers Agr\u00e9\u00e9s, num\u00e9ro API 11475 (sigles qui correspondent \u00e0 Agent de la propri\u00e9t\u00e9 Immobili\u00e8re), nous sommes les<span class=\"Apple-converted-space\">\u00a0 <\/span>m\u00e9diateurs lors du<span class=\"Apple-converted-space\">\u00a0 <\/span>contrat d&rsquo;achat, de la location ou la cession de propri\u00e9t\u00e9s immobili\u00e8res. Nous<span class=\"Apple-converted-space\">\u00a0 <\/span>conseillons les propri\u00e9taires<span class=\"Apple-converted-space\">\u00a0 <\/span>et les acqu\u00e9reurs<span class=\"Apple-converted-space\">\u00a0 <\/span>en leur fournissant<span class=\"Apple-converted-space\">\u00a0 <\/span>l&rsquo;information n\u00e9cessaire sur ces op\u00e9rations. Nous r\u00e9alisons \u00e9galement<span class=\"Apple-converted-space\">\u00a0 <\/span>des travaux d&rsquo;expertise. Un A.P.I. d\u00e9tient le dipl\u00f4me<span class=\"Apple-converted-space\">\u00a0 <\/span>inscrit au Coll\u00e8ge d&rsquo;Agents de la Propri\u00e9t\u00e9 Immobili\u00e8re de sa province.<\/p>\n<p class=\"p1\">Notre \u00e9quipe<span class=\"Apple-converted-space\">\u00a0 <\/span>se compose de 4 collaborateurs cr\u00e9atifs et intuitifs \u00e0 l\u2019\u00e9coute des besoins et des attentes de personnes en recherche d\u2019achat<span class=\"Apple-converted-space\">\u00a0 <\/span>et<span class=\"Apple-converted-space\">\u00a0 <\/span>de vente<span class=\"Apple-converted-space\">\u00a0 <\/span>de biens.\u00a0 Nos conseillers ma\u00eetrisent, l\u2019Espagnol, l\u2019Anglais, le Fran\u00e7ais,\u00a0 l\u2019Allemand, le N\u00e9erlandais et l\u2019Italien et b\u00e9n\u00e9ficient de formations juridiques et fiscales. \u00a0La multi-comp\u00e9tence de nos agents est\u00a0 un atout d\u00e9cisif pour ceux qui les consultent.<\/p>\n","protected":false},"excerpt":{"rendered":"<p>Romina et son \u00e9quipe, ont acquis au cours de ces 23 derni\u00e8res ann\u00e9es\u00a0 une large exp\u00e9rience\u00a0 dans le march\u00e9 de l\u2019immobilier\u00a0 sur Ibiza. Au fil du temps, nos comp\u00e9tences, notre s\u00e9rieux nous ont valu une relation de confiance durable avec nos clients \u00e0 qui nous proposons un service personnalis\u00e9 et un conseil de professionnels. Formant [&hellip;]<\/p>\n","protected":false},"author":12,"featured_media":22258,"parent":0,"menu_order":0,"comment_status":"closed","ping_status":"closed","template":"","meta":{"footnotes":""},"class_list":["post-1511","page","type-page","status-publish","has-post-thumbnail","hentry"],"acf":[],"yoast_head":"<!-- This site is optimized with the Yoast SEO Premium plugin v20.7 (Yoast SEO v27.5) - https:\/\/yoast.com\/product\/yoast-seo-premium-wordpress\/ -->\n<title>Villas vous aide \u00e0 r\u00e9aliser vos r\u00eaves Romina immobilier ibiza<\/title>\n<meta name=\"robots\" content=\"index, follow, max-snippet:-1, max-image-preview:large, max-video-preview:-1\" \/>\n<link rel=\"canonical\" href=\"https:\/\/www.rominaibizavillas.com\/fr\/wp-json\/wp\/v2\/pages\/1511\" \/>\n<meta property=\"og:locale\" content=\"fr_FR\" \/>\n<meta property=\"og:type\" content=\"article\" \/>\n<meta property=\"og:url\" content=\"https:\/\/www.rominaibizavillas.com\/fr\/wp-json\/wp\/v2\/pages\/1511\" \/>\n<meta property=\"og:site_name\" content=\"Villas vous aide \u00e0 r\u00e9aliser vos r\u00eaves Romina immobilier ibiza\" \/>\n<meta property=\"article:publisher\" content=\"https:\/\/www.facebook.com\/rominaibizavillas\" \/>\n<meta property=\"article:modified_time\" content=\"2025-03-28T14:52:42+00:00\" \/>\n<meta property=\"og:image\" content=\"https:\/\/www.rominaibizavillas.com\/wp-content\/uploads\/2017\/01\/romina-ibiza-villas-the-office.jpg\" \/>\n\t<meta property=\"og:image:width\" content=\"1980\" \/>\n\t<meta property=\"og:image:height\" content=\"750\" \/>\n\t<meta property=\"og:image:type\" content=\"image\/jpeg\" \/>\n<meta name=\"twitter:card\" content=\"summary_large_image\" \/>\n<meta name=\"twitter:title\" content=\"Qui sommes-nous?\" \/>\n<meta name=\"twitter:description\" content=\"Romina et son \u00e9quipe, ont acquis au cours de ces 23 derni\u00e8res ann\u00e9es\u00a0 une large exp\u00e9rience\u00a0 dans le march\u00e9 de l\u2019immobilier\u00a0 sur Ibiza. Au fil du temps, nos comp\u00e9tences, notre s\u00e9rieux nous ont valu une relation de confiance durable avec nos clients \u00e0 qui nous proposons un service personnalis\u00e9 et un conseil de professionnels. Formant [&hellip;]\" \/>\n<meta name=\"twitter:label1\" content=\"Dur\u00e9e de lecture estim\u00e9e\" \/>\n\t<meta name=\"twitter:data1\" content=\"5 minutes\" \/>\n<script type=\"application\/ld+json\" class=\"yoast-schema-graph\">{\"@context\":\"https:\\\/\\\/schema.org\",\"@graph\":[{\"@type\":\"WebPage\",\"@id\":\"https:\\\/\\\/www.rominaibizavillas.com\\\/nosotros\\\/\",\"url\":\"https:\\\/\\\/www.rominaibizavillas.com\\\/fr\\\/wp-json\\\/wp\\\/v2\\\/pages\\\/1511\",\"name\":\"\",\"isPartOf\":{\"@id\":\"https:\\\/\\\/www.rominaibizavillas.com\\\/fr\\\/#website\"},\"primaryImageOfPage\":{\"@id\":\"https:\\\/\\\/www.rominaibizavillas.com\\\/fr\\\/wp-json\\\/wp\\\/v2\\\/pages\\\/1511#primaryimage\"},\"image\":{\"@id\":\"https:\\\/\\\/www.rominaibizavillas.com\\\/fr\\\/wp-json\\\/wp\\\/v2\\\/pages\\\/1511#primaryimage\"},\"thumbnailUrl\":\"https:\\\/\\\/www.rominaibizavillas.com\\\/wp-content\\\/uploads\\\/2017\\\/01\\\/romina-ibiza-villas-the-office.jpg\",\"datePublished\":\"2017-01-29T21:23:12+00:00\",\"dateModified\":\"2025-03-28T14:52:42+00:00\",\"breadcrumb\":{\"@id\":\"https:\\\/\\\/www.rominaibizavillas.com\\\/fr\\\/wp-json\\\/wp\\\/v2\\\/pages\\\/1511#breadcrumb\"},\"inLanguage\":\"fr-FR\",\"potentialAction\":[{\"@type\":\"ReadAction\",\"target\":[\"https:\\\/\\\/www.rominaibizavillas.com\\\/fr\\\/wp-json\\\/wp\\\/v2\\\/pages\\\/1511\"]}]},{\"@type\":\"ImageObject\",\"inLanguage\":\"fr-FR\",\"@id\":\"https:\\\/\\\/www.rominaibizavillas.com\\\/fr\\\/wp-json\\\/wp\\\/v2\\\/pages\\\/1511#primaryimage\",\"url\":\"https:\\\/\\\/www.rominaibizavillas.com\\\/wp-content\\\/uploads\\\/2017\\\/01\\\/romina-ibiza-villas-the-office.jpg\",\"contentUrl\":\"https:\\\/\\\/www.rominaibizavillas.com\\\/wp-content\\\/uploads\\\/2017\\\/01\\\/romina-ibiza-villas-the-office.jpg\",\"width\":1980,\"height\":750},{\"@type\":\"BreadcrumbList\",\"@id\":\"https:\\\/\\\/www.rominaibizavillas.com\\\/fr\\\/wp-json\\\/wp\\\/v2\\\/pages\\\/1511#breadcrumb\",\"itemListElement\":[{\"@type\":\"ListItem\",\"position\":1,\"name\":\"Accueil\",\"item\":\"https:\\\/\\\/www.rominaibizavillas.com\\\/\"},{\"@type\":\"ListItem\",\"position\":2,\"name\":\"Nosotros\"}]},{\"@type\":\"WebSite\",\"@id\":\"https:\\\/\\\/www.rominaibizavillas.com\\\/fr\\\/#website\",\"url\":\"https:\\\/\\\/www.rominaibizavillas.com\\\/fr\\\/\",\"name\":\"Villas vous aide \u00e0 r\u00e9aliser vos r\u00eaves Romina immobilier ibiza\",\"description\":\"\",\"publisher\":{\"@id\":\"https:\\\/\\\/www.rominaibizavillas.com\\\/fr\\\/#organization\"},\"potentialAction\":[{\"@type\":\"SearchAction\",\"target\":{\"@type\":\"EntryPoint\",\"urlTemplate\":\"https:\\\/\\\/www.rominaibizavillas.com\\\/fr\\\/?s={search_term_string}\"},\"query-input\":{\"@type\":\"PropertyValueSpecification\",\"valueRequired\":true,\"valueName\":\"search_term_string\"}}],\"inLanguage\":\"fr-FR\"},{\"@type\":\"Organization\",\"@id\":\"https:\\\/\\\/www.rominaibizavillas.com\\\/fr\\\/#organization\",\"name\":\"Villas vous aide \u00e0 r\u00e9aliser vos r\u00eaves Romina immobilier ibiza\",\"url\":\"https:\\\/\\\/www.rominaibizavillas.com\\\/fr\\\/\",\"logo\":{\"@type\":\"ImageObject\",\"inLanguage\":\"fr-FR\",\"@id\":\"https:\\\/\\\/www.rominaibizavillas.com\\\/fr\\\/#\\\/schema\\\/logo\\\/image\\\/\",\"url\":\"https:\\\/\\\/www.rominaibizavillas.com\\\/wp-content\\\/uploads\\\/2022\\\/11\\\/LOGO-RIV-co-1.png?v=1667560398\",\"contentUrl\":\"https:\\\/\\\/www.rominaibizavillas.com\\\/wp-content\\\/uploads\\\/2022\\\/11\\\/LOGO-RIV-co-1.png?v=1667560398\",\"width\":250,\"height\":250,\"caption\":\"Villas vous aide \u00e0 r\u00e9aliser vos r\u00eaves Romina immobilier ibiza\"},\"image\":{\"@id\":\"https:\\\/\\\/www.rominaibizavillas.com\\\/fr\\\/#\\\/schema\\\/logo\\\/image\\\/\"},\"sameAs\":[\"https:\\\/\\\/www.facebook.com\\\/rominaibizavillas\",\"https:\\\/\\\/www.instagram.com\\\/rominaibizavillas\\\/\",\"https:\\\/\\\/www.linkedin.com\\\/company\\\/romina-ibiza-villas-andco\\\/\"]}]}<\/script>\n<!-- \/ Yoast SEO Premium plugin. -->","yoast_head_json":{"title":"Villas vous aide \u00e0 r\u00e9aliser vos r\u00eaves Romina immobilier ibiza","robots":{"index":"index","follow":"follow","max-snippet":"max-snippet:-1","max-image-preview":"max-image-preview:large","max-video-preview":"max-video-preview:-1"},"canonical":"https:\/\/www.rominaibizavillas.com\/fr\/wp-json\/wp\/v2\/pages\/1511","og_locale":"fr_FR","og_type":"article","og_url":"https:\/\/www.rominaibizavillas.com\/fr\/wp-json\/wp\/v2\/pages\/1511","og_site_name":"Villas vous aide \u00e0 r\u00e9aliser vos r\u00eaves Romina immobilier ibiza","article_publisher":"https:\/\/www.facebook.com\/rominaibizavillas","article_modified_time":"2025-03-28T14:52:42+00:00","og_image":[{"width":1980,"height":750,"url":"https:\/\/www.rominaibizavillas.com\/wp-content\/uploads\/2017\/01\/romina-ibiza-villas-the-office.jpg","type":"image\/jpeg"}],"twitter_card":"summary_large_image","twitter_title":"Qui sommes-nous?","twitter_description":"Romina et son \u00e9quipe, ont acquis au cours de ces 23 derni\u00e8res ann\u00e9es\u00a0 une large exp\u00e9rience\u00a0 dans le march\u00e9 de l\u2019immobilier\u00a0 sur Ibiza. Au fil du temps, nos comp\u00e9tences, notre s\u00e9rieux nous ont valu une relation de confiance durable avec nos clients \u00e0 qui nous proposons un service personnalis\u00e9 et un conseil de professionnels. Formant [&hellip;]","twitter_misc":{"Dur\u00e9e de lecture estim\u00e9e":"5 minutes"},"schema":{"@context":"https:\/\/schema.org","@graph":[{"@type":"WebPage","@id":"https:\/\/www.rominaibizavillas.com\/nosotros\/","url":"https:\/\/www.rominaibizavillas.com\/fr\/wp-json\/wp\/v2\/pages\/1511","name":"","isPartOf":{"@id":"https:\/\/www.rominaibizavillas.com\/fr\/#website"},"primaryImageOfPage":{"@id":"https:\/\/www.rominaibizavillas.com\/fr\/wp-json\/wp\/v2\/pages\/1511#primaryimage"},"image":{"@id":"https:\/\/www.rominaibizavillas.com\/fr\/wp-json\/wp\/v2\/pages\/1511#primaryimage"},"thumbnailUrl":"https:\/\/www.rominaibizavillas.com\/wp-content\/uploads\/2017\/01\/romina-ibiza-villas-the-office.jpg","datePublished":"2017-01-29T21:23:12+00:00","dateModified":"2025-03-28T14:52:42+00:00","breadcrumb":{"@id":"https:\/\/www.rominaibizavillas.com\/fr\/wp-json\/wp\/v2\/pages\/1511#breadcrumb"},"inLanguage":"fr-FR","potentialAction":[{"@type":"ReadAction","target":["https:\/\/www.rominaibizavillas.com\/fr\/wp-json\/wp\/v2\/pages\/1511"]}]},{"@type":"ImageObject","inLanguage":"fr-FR","@id":"https:\/\/www.rominaibizavillas.com\/fr\/wp-json\/wp\/v2\/pages\/1511#primaryimage","url":"https:\/\/www.rominaibizavillas.com\/wp-content\/uploads\/2017\/01\/romina-ibiza-villas-the-office.jpg","contentUrl":"https:\/\/www.rominaibizavillas.com\/wp-content\/uploads\/2017\/01\/romina-ibiza-villas-the-office.jpg","width":1980,"height":750},{"@type":"BreadcrumbList","@id":"https:\/\/www.rominaibizavillas.com\/fr\/wp-json\/wp\/v2\/pages\/1511#breadcrumb","itemListElement":[{"@type":"ListItem","position":1,"name":"Accueil","item":"https:\/\/www.rominaibizavillas.com\/"},{"@type":"ListItem","position":2,"name":"Nosotros"}]},{"@type":"WebSite","@id":"https:\/\/www.rominaibizavillas.com\/fr\/#website","url":"https:\/\/www.rominaibizavillas.com\/fr\/","name":"Villas vous aide \u00e0 r\u00e9aliser vos r\u00eaves Romina immobilier ibiza","description":"","publisher":{"@id":"https:\/\/www.rominaibizavillas.com\/fr\/#organization"},"potentialAction":[{"@type":"SearchAction","target":{"@type":"EntryPoint","urlTemplate":"https:\/\/www.rominaibizavillas.com\/fr\/?s={search_term_string}"},"query-input":{"@type":"PropertyValueSpecification","valueRequired":true,"valueName":"search_term_string"}}],"inLanguage":"fr-FR"},{"@type":"Organization","@id":"https:\/\/www.rominaibizavillas.com\/fr\/#organization","name":"Villas vous aide \u00e0 r\u00e9aliser vos r\u00eaves Romina immobilier ibiza","url":"https:\/\/www.rominaibizavillas.com\/fr\/","logo":{"@type":"ImageObject","inLanguage":"fr-FR","@id":"https:\/\/www.rominaibizavillas.com\/fr\/#\/schema\/logo\/image\/","url":"https:\/\/www.rominaibizavillas.com\/wp-content\/uploads\/2022\/11\/LOGO-RIV-co-1.png?v=1667560398","contentUrl":"https:\/\/www.rominaibizavillas.com\/wp-content\/uploads\/2022\/11\/LOGO-RIV-co-1.png?v=1667560398","width":250,"height":250,"caption":"Villas vous aide \u00e0 r\u00e9aliser vos r\u00eaves Romina immobilier ibiza"},"image":{"@id":"https:\/\/www.rominaibizavillas.com\/fr\/#\/schema\/logo\/image\/"},"sameAs":["https:\/\/www.facebook.com\/rominaibizavillas","https:\/\/www.instagram.com\/rominaibizavillas\/","https:\/\/www.linkedin.com\/company\/romina-ibiza-villas-andco\/"]}]}},"_links":{"self":[{"href":"https:\/\/www.rominaibizavillas.com\/fr\/wp-json\/wp\/v2\/pages\/1511","targetHints":{"allow":["GET"]}}],"collection":[{"href":"https:\/\/www.rominaibizavillas.com\/fr\/wp-json\/wp\/v2\/pages"}],"about":[{"href":"https:\/\/www.rominaibizavillas.com\/fr\/wp-json\/wp\/v2\/types\/page"}],"author":[{"embeddable":true,"href":"https:\/\/www.rominaibizavillas.com\/fr\/wp-json\/wp\/v2\/users\/12"}],"replies":[{"embeddable":true,"href":"https:\/\/www.rominaibizavillas.com\/fr\/wp-json\/wp\/v2\/comments?post=1511"}],"version-history":[{"count":1,"href":"https:\/\/www.rominaibizavillas.com\/fr\/wp-json\/wp\/v2\/pages\/1511\/revisions"}],"predecessor-version":[{"id":79465,"href":"https:\/\/www.rominaibizavillas.com\/fr\/wp-json\/wp\/v2\/pages\/1511\/revisions\/79465"}],"wp:featuredmedia":[{"embeddable":true,"href":"https:\/\/www.rominaibizavillas.com\/fr\/wp-json\/wp\/v2\/media\/22258"}],"wp:attachment":[{"href":"https:\/\/www.rominaibizavillas.com\/fr\/wp-json\/wp\/v2\/media?parent=1511"}],"curies":[{"name":"wp","href":"https:\/\/api.w.org\/{rel}","templated":true}]}}