{"id":12,"date":"2016-11-03T23:05:14","date_gmt":"2016-11-03T22:05:14","guid":{"rendered":"http:\/\/inmobiliariaibiza.ajaxbit.com\/?page_id=12"},"modified":"2025-04-16T07:09:22","modified_gmt":"2025-04-16T05:09:22","slug":"romina-ibiza-villas-inmobiliaria-ibiza","status":"publish","type":"page","link":"https:\/\/www.rominaibizavillas.com\/fr\/","title":{"rendered":"Romina Ibiza Villas &#8211; Immobilier &#8211; concierge Ibiza"},"content":{"rendered":"<p><strong>Travaillant sur le march\u00e9 immobilier d&rsquo;Ibiza depuis plus de 22 ans, nous avons acquis une vaste exp\u00e9rience dans le secteur de la vente et location de biens immobiliers \u00e0 Ibiza.<\/strong><\/p>\n<p>Nous vous offrons un service personnalis\u00e9 et vous aidons \u00e0 trouver <a href=\"https:\/\/www.rominaibizavillas.com\/fr\/appartements-et-maisons-a-acheter-a-ibiza\/\">appartements et maisons \u00e0 acheter \u00e0 ibiza<\/a>. A la suite de notre recherche parmi toutes les belles propri\u00e9t\u00e9s disponibles d&rsquo;Ibiza, nous vous pr\u00e9senterons la propri\u00e9t\u00e9 id\u00e9ale afin de r\u00e9pondre \u00e0 vos besoins et vos r\u00eaves, qu&rsquo;il s&rsquo;agisse d&rsquo;une <a href=\"https:\/\/www.rominaibizavillas.com\/fr\/buscar-propiedades\/?status=venta&amp;type=casa-villa\">villa moderne d&rsquo;Ibiza<\/a>, un <a href=\"https:\/\/www.rominaibizavillas.com\/fr\/buscar-propiedades\/?status=venta&amp;type=atico\">attique de luxe<\/a>, une finca rustique ou un charmant <a href=\"https:\/\/www.rominaibizavillas.com\/fr\/buscar-propiedades\/?status=venta&amp;type=apartamento\">appartement<\/a>.<\/p>\n<p><a href=\"https:\/\/www.rominaibizavillas.com\/fr\/nosotros\/\">Notre \u00e9quipe<\/a> multilingue poss\u00e8de une connaissance approfondie du <a href=\"https:\/\/www.rominaibizavillas.com\/fr\/informacion-util\/\">march\u00e9 de l&rsquo;immobilier \u00e0 Ibiza<\/a> et vous guidera tout au long du processus d&rsquo;achat, et vous fournira informations et conseils juridiques et fiscaux.<\/p>\n","protected":false},"excerpt":{"rendered":"<p>Travaillant sur le march\u00e9 immobilier d&rsquo;Ibiza depuis plus de 22 ans, nous avons acquis une vaste exp\u00e9rience dans le secteur de la vente et location de biens immobiliers \u00e0 Ibiza. Nous vous offrons un service personnalis\u00e9 et vous aidons \u00e0 trouver appartements et maisons \u00e0 acheter \u00e0 ibiza. A la suite de notre recherche parmi [&hellip;]<\/p>\n","protected":false},"author":12,"featured_media":0,"parent":0,"menu_order":0,"comment_status":"closed","ping_status":"closed","template":"template-home.php","meta":{"footnotes":""},"class_list":["post-12","page","type-page","status-publish","hentry"],"acf":[],"yoast_head":"<!-- This site is optimized with the Yoast SEO Premium plugin v20.7 (Yoast SEO v27.5) - https:\/\/yoast.com\/product\/yoast-seo-premium-wordpress\/ -->\n<title>Villas vous aide \u00e0 r\u00e9aliser vos r\u00eaves Romina immobilier ibiza<\/title>\n<meta name=\"description\" content=\"Ici, vous trouverez \u00e0 acheter \u00e0 Ibiza des Appartements, Fincas, Maisons, Villas Propri\u00e9t\u00e9s \u00e0 vendre \u00e0 Ibiza pour tous les budgets. Obtenez votre bien immobilier \u00e0 Ibiza d\u00e8s maintenant!\" \/>\n<meta name=\"robots\" content=\"index, follow, max-snippet:-1, max-image-preview:large, max-video-preview:-1\" \/>\n<link rel=\"canonical\" href=\"https:\/\/www.rominaibizavillas.com\/fr\/wp-json\/wp\/v2\/pages\/12\" \/>\n<meta property=\"og:locale\" content=\"fr_FR\" \/>\n<meta property=\"og:type\" content=\"article\" \/>\n<meta property=\"og:title\" content=\"Villas vous aide \u00e0 r\u00e9aliser vos r\u00eaves Romina immobilier ibiza\" \/>\n<meta property=\"og:description\" content=\"Ici, vous trouverez \u00e0 acheter \u00e0 Ibiza des Appartements, Fincas, Maisons, Villas Propri\u00e9t\u00e9s \u00e0 vendre \u00e0 Ibiza pour tous les budgets. Obtenez votre bien immobilier \u00e0 Ibiza d\u00e8s maintenant!\" \/>\n<meta property=\"og:url\" content=\"https:\/\/www.rominaibizavillas.com\/fr\/wp-json\/wp\/v2\/pages\/12\" \/>\n<meta property=\"og:site_name\" content=\"Villas vous aide \u00e0 r\u00e9aliser vos r\u00eaves Romina immobilier ibiza\" \/>\n<meta property=\"article:publisher\" content=\"https:\/\/www.facebook.com\/rominaibizavillas\" \/>\n<meta property=\"article:modified_time\" content=\"2025-04-16T05:09:22+00:00\" \/>\n<meta name=\"twitter:card\" content=\"summary_large_image\" \/>\n<meta name=\"twitter:title\" content=\"Romina Ibiza Villas - Immobilier - concierge Ibiza\" \/>\n<meta name=\"twitter:label1\" content=\"Dur\u00e9e de lecture estim\u00e9e\" \/>\n\t<meta name=\"twitter:data1\" content=\"3 minutes\" \/>\n<script type=\"application\/ld+json\" class=\"yoast-schema-graph\">{\"@context\":\"https:\\\/\\\/schema.org\",\"@graph\":[{\"@type\":\"WebPage\",\"@id\":\"https:\\\/\\\/www.rominaibizavillas.com\\\/\",\"url\":\"https:\\\/\\\/www.rominaibizavillas.com\\\/fr\\\/wp-json\\\/wp\\\/v2\\\/pages\\\/12\",\"name\":\"Villas vous aide \u00e0 r\u00e9aliser vos r\u00eaves Romina immobilier ibiza\",\"isPartOf\":{\"@id\":\"https:\\\/\\\/www.rominaibizavillas.com\\\/fr\\\/#website\"},\"datePublished\":\"2016-11-03T22:05:14+00:00\",\"dateModified\":\"2025-04-16T05:09:22+00:00\",\"description\":\"Ici, vous trouverez \u00e0 acheter \u00e0 Ibiza des Appartements, Fincas, Maisons, Villas Propri\u00e9t\u00e9s \u00e0 vendre \u00e0 Ibiza pour tous les budgets. Obtenez votre bien immobilier \u00e0 Ibiza d\u00e8s maintenant!\",\"breadcrumb\":{\"@id\":\"https:\\\/\\\/www.rominaibizavillas.com\\\/fr\\\/wp-json\\\/wp\\\/v2\\\/pages\\\/12#breadcrumb\"},\"inLanguage\":\"fr-FR\",\"potentialAction\":[{\"@type\":\"ReadAction\",\"target\":[\"https:\\\/\\\/www.rominaibizavillas.com\\\/fr\\\/wp-json\\\/wp\\\/v2\\\/pages\\\/12\"]}]},{\"@type\":\"BreadcrumbList\",\"@id\":\"https:\\\/\\\/www.rominaibizavillas.com\\\/fr\\\/wp-json\\\/wp\\\/v2\\\/pages\\\/12#breadcrumb\",\"itemListElement\":[{\"@type\":\"ListItem\",\"position\":1,\"name\":\"Accueil\",\"item\":\"https:\\\/\\\/www.rominaibizavillas.com\\\/\"},{\"@type\":\"ListItem\",\"position\":2,\"name\":\"Romina Ibiza Villas &#8211; Inmobiliaria- concierge Ibiza\"}]},{\"@type\":\"WebSite\",\"@id\":\"https:\\\/\\\/www.rominaibizavillas.com\\\/fr\\\/#website\",\"url\":\"https:\\\/\\\/www.rominaibizavillas.com\\\/fr\\\/\",\"name\":\"Villas vous aide \u00e0 r\u00e9aliser vos r\u00eaves Romina immobilier ibiza\",\"description\":\"\",\"publisher\":{\"@id\":\"https:\\\/\\\/www.rominaibizavillas.com\\\/fr\\\/#organization\"},\"potentialAction\":[{\"@type\":\"SearchAction\",\"target\":{\"@type\":\"EntryPoint\",\"urlTemplate\":\"https:\\\/\\\/www.rominaibizavillas.com\\\/fr\\\/?s={search_term_string}\"},\"query-input\":{\"@type\":\"PropertyValueSpecification\",\"valueRequired\":true,\"valueName\":\"search_term_string\"}}],\"inLanguage\":\"fr-FR\"},{\"@type\":\"Organization\",\"@id\":\"https:\\\/\\\/www.rominaibizavillas.com\\\/fr\\\/#organization\",\"name\":\"Villas vous aide \u00e0 r\u00e9aliser vos r\u00eaves Romina immobilier ibiza\",\"url\":\"https:\\\/\\\/www.rominaibizavillas.com\\\/fr\\\/\",\"logo\":{\"@type\":\"ImageObject\",\"inLanguage\":\"fr-FR\",\"@id\":\"https:\\\/\\\/www.rominaibizavillas.com\\\/fr\\\/#\\\/schema\\\/logo\\\/image\\\/\",\"url\":\"https:\\\/\\\/www.rominaibizavillas.com\\\/wp-content\\\/uploads\\\/2022\\\/11\\\/LOGO-RIV-co-1.png?v=1667560398\",\"contentUrl\":\"https:\\\/\\\/www.rominaibizavillas.com\\\/wp-content\\\/uploads\\\/2022\\\/11\\\/LOGO-RIV-co-1.png?v=1667560398\",\"width\":250,\"height\":250,\"caption\":\"Villas vous aide \u00e0 r\u00e9aliser vos r\u00eaves Romina immobilier ibiza\"},\"image\":{\"@id\":\"https:\\\/\\\/www.rominaibizavillas.com\\\/fr\\\/#\\\/schema\\\/logo\\\/image\\\/\"},\"sameAs\":[\"https:\\\/\\\/www.facebook.com\\\/rominaibizavillas\",\"https:\\\/\\\/www.instagram.com\\\/rominaibizavillas\\\/\",\"https:\\\/\\\/www.linkedin.com\\\/company\\\/romina-ibiza-villas-andco\\\/\"]}]}<\/script>\n<!-- \/ Yoast SEO Premium plugin. -->","yoast_head_json":{"title":"Villas vous aide \u00e0 r\u00e9aliser vos r\u00eaves Romina immobilier ibiza","description":"Ici, vous trouverez \u00e0 acheter \u00e0 Ibiza des Appartements, Fincas, Maisons, Villas Propri\u00e9t\u00e9s \u00e0 vendre \u00e0 Ibiza pour tous les budgets. Obtenez votre bien immobilier \u00e0 Ibiza d\u00e8s maintenant!","robots":{"index":"index","follow":"follow","max-snippet":"max-snippet:-1","max-image-preview":"max-image-preview:large","max-video-preview":"max-video-preview:-1"},"canonical":"https:\/\/www.rominaibizavillas.com\/fr\/wp-json\/wp\/v2\/pages\/12","og_locale":"fr_FR","og_type":"article","og_title":"Villas vous aide \u00e0 r\u00e9aliser vos r\u00eaves Romina immobilier ibiza","og_description":"Ici, vous trouverez \u00e0 acheter \u00e0 Ibiza des Appartements, Fincas, Maisons, Villas Propri\u00e9t\u00e9s \u00e0 vendre \u00e0 Ibiza pour tous les budgets. Obtenez votre bien immobilier \u00e0 Ibiza d\u00e8s maintenant!","og_url":"https:\/\/www.rominaibizavillas.com\/fr\/wp-json\/wp\/v2\/pages\/12","og_site_name":"Villas vous aide \u00e0 r\u00e9aliser vos r\u00eaves Romina immobilier ibiza","article_publisher":"https:\/\/www.facebook.com\/rominaibizavillas","article_modified_time":"2025-04-16T05:09:22+00:00","twitter_card":"summary_large_image","twitter_title":"Romina Ibiza Villas - Immobilier - concierge Ibiza","twitter_misc":{"Dur\u00e9e de lecture estim\u00e9e":"3 minutes"},"schema":{"@context":"https:\/\/schema.org","@graph":[{"@type":"WebPage","@id":"https:\/\/www.rominaibizavillas.com\/","url":"https:\/\/www.rominaibizavillas.com\/fr\/wp-json\/wp\/v2\/pages\/12","name":"Villas vous aide \u00e0 r\u00e9aliser vos r\u00eaves Romina immobilier ibiza","isPartOf":{"@id":"https:\/\/www.rominaibizavillas.com\/fr\/#website"},"datePublished":"2016-11-03T22:05:14+00:00","dateModified":"2025-04-16T05:09:22+00:00","description":"Ici, vous trouverez \u00e0 acheter \u00e0 Ibiza des Appartements, Fincas, Maisons, Villas Propri\u00e9t\u00e9s \u00e0 vendre \u00e0 Ibiza pour tous les budgets. Obtenez votre bien immobilier \u00e0 Ibiza d\u00e8s maintenant!","breadcrumb":{"@id":"https:\/\/www.rominaibizavillas.com\/fr\/wp-json\/wp\/v2\/pages\/12#breadcrumb"},"inLanguage":"fr-FR","potentialAction":[{"@type":"ReadAction","target":["https:\/\/www.rominaibizavillas.com\/fr\/wp-json\/wp\/v2\/pages\/12"]}]},{"@type":"BreadcrumbList","@id":"https:\/\/www.rominaibizavillas.com\/fr\/wp-json\/wp\/v2\/pages\/12#breadcrumb","itemListElement":[{"@type":"ListItem","position":1,"name":"Accueil","item":"https:\/\/www.rominaibizavillas.com\/"},{"@type":"ListItem","position":2,"name":"Romina Ibiza Villas &#8211; Inmobiliaria- concierge Ibiza"}]},{"@type":"WebSite","@id":"https:\/\/www.rominaibizavillas.com\/fr\/#website","url":"https:\/\/www.rominaibizavillas.com\/fr\/","name":"Villas vous aide \u00e0 r\u00e9aliser vos r\u00eaves Romina immobilier ibiza","description":"","publisher":{"@id":"https:\/\/www.rominaibizavillas.com\/fr\/#organization"},"potentialAction":[{"@type":"SearchAction","target":{"@type":"EntryPoint","urlTemplate":"https:\/\/www.rominaibizavillas.com\/fr\/?s={search_term_string}"},"query-input":{"@type":"PropertyValueSpecification","valueRequired":true,"valueName":"search_term_string"}}],"inLanguage":"fr-FR"},{"@type":"Organization","@id":"https:\/\/www.rominaibizavillas.com\/fr\/#organization","name":"Villas vous aide \u00e0 r\u00e9aliser vos r\u00eaves Romina immobilier ibiza","url":"https:\/\/www.rominaibizavillas.com\/fr\/","logo":{"@type":"ImageObject","inLanguage":"fr-FR","@id":"https:\/\/www.rominaibizavillas.com\/fr\/#\/schema\/logo\/image\/","url":"https:\/\/www.rominaibizavillas.com\/wp-content\/uploads\/2022\/11\/LOGO-RIV-co-1.png?v=1667560398","contentUrl":"https:\/\/www.rominaibizavillas.com\/wp-content\/uploads\/2022\/11\/LOGO-RIV-co-1.png?v=1667560398","width":250,"height":250,"caption":"Villas vous aide \u00e0 r\u00e9aliser vos r\u00eaves Romina immobilier ibiza"},"image":{"@id":"https:\/\/www.rominaibizavillas.com\/fr\/#\/schema\/logo\/image\/"},"sameAs":["https:\/\/www.facebook.com\/rominaibizavillas","https:\/\/www.instagram.com\/rominaibizavillas\/","https:\/\/www.linkedin.com\/company\/romina-ibiza-villas-andco\/"]}]}},"_links":{"self":[{"href":"https:\/\/www.rominaibizavillas.com\/fr\/wp-json\/wp\/v2\/pages\/12","targetHints":{"allow":["GET"]}}],"collection":[{"href":"https:\/\/www.rominaibizavillas.com\/fr\/wp-json\/wp\/v2\/pages"}],"about":[{"href":"https:\/\/www.rominaibizavillas.com\/fr\/wp-json\/wp\/v2\/types\/page"}],"author":[{"embeddable":true,"href":"https:\/\/www.rominaibizavillas.com\/fr\/wp-json\/wp\/v2\/users\/12"}],"replies":[{"embeddable":true,"href":"https:\/\/www.rominaibizavillas.com\/fr\/wp-json\/wp\/v2\/comments?post=12"}],"version-history":[{"count":6,"href":"https:\/\/www.rominaibizavillas.com\/fr\/wp-json\/wp\/v2\/pages\/12\/revisions"}],"predecessor-version":[{"id":79836,"href":"https:\/\/www.rominaibizavillas.com\/fr\/wp-json\/wp\/v2\/pages\/12\/revisions\/79836"}],"wp:attachment":[{"href":"https:\/\/www.rominaibizavillas.com\/fr\/wp-json\/wp\/v2\/media?parent=12"}],"curies":[{"name":"wp","href":"https:\/\/api.w.org\/{rel}","templated":true}]}}